{"id":1423,"date":"2019-03-25T08:57:14","date_gmt":"2019-03-25T11:57:14","guid":{"rendered":"http:\/\/mdb.bbshop.com.br\/?page_id=1423"},"modified":"2019-03-25T09:06:26","modified_gmt":"2019-03-25T12:06:26","slug":"termos-de-uso","status":"publish","type":"page","link":"https:\/\/metododasboquinhas.com.br\/novo\/termos-de-uso\/","title":{"rendered":"Termo de Uso e Responsabilidades"},"content":{"rendered":"\t\t<div data-elementor-type=\"wp-post\" data-elementor-id=\"1423\" class=\"elementor elementor-1423 elementor-bc-flex-widget\" data-elementor-settings=\"[]\">\n\t\t\t\t\t\t<div class=\"elementor-inner\">\n\t\t\t\t\t\t\t<div class=\"elementor-section-wrap\">\n\t\t\t\t\t\t\t<section class=\"elementor-section elementor-top-section elementor-element elementor-element-4d077676 elementor-section-full_width elementor-section-height-min-height elementor-section-height-default elementor-section-items-middle\" data-id=\"4d077676\" data-element_type=\"section\" data-settings=\"{&quot;background_background&quot;:&quot;classic&quot;,&quot;shape_divider_bottom&quot;:&quot;opacity-tilt&quot;}\">\n\t\t\t\t\t<div class=\"elementor-shape elementor-shape-bottom\" data-negative=\"false\">\n\t\t\t<svg xmlns=\"http:\/\/www.w3.org\/2000\/svg\" viewBox=\"0 0 2600 131.1\" preserveAspectRatio=\"none\">\n\t<path class=\"elementor-shape-fill\" d=\"M0 0L2600 0 2600 69.1 0 0z\"\/>\n\t<path class=\"elementor-shape-fill\" style=\"opacity:0.5\" d=\"M0 0L2600 0 2600 69.1 0 69.1z\"\/>\n\t<path class=\"elementor-shape-fill\" style=\"opacity:0.25\" d=\"M2600 0L0 0 0 130.1 2600 69.1z\"\/>\n<\/svg>\t\t<\/div>\n\t\t\t\t\t<div class=\"elementor-container elementor-column-gap-default\">\n\t\t\t\t\t\t\t<div class=\"elementor-row\">\n\t\t\t\t\t<div class=\"elementor-column elementor-col-100 elementor-top-column elementor-element elementor-element-1ba05ac7\" data-id=\"1ba05ac7\" data-element_type=\"column\">\n\t\t\t<div class=\"elementor-column-wrap elementor-element-populated\">\n\t\t\t\t\t\t\t<div class=\"elementor-widget-wrap\">\n\t\t\t\t\t\t<div class=\"elementor-element elementor-element-2b5c0c9 elementor-widget elementor-widget-heading\" data-id=\"2b5c0c9\" data-element_type=\"widget\" data-widget_type=\"heading.default\">\n\t\t\t\t<div class=\"elementor-widget-container\">\n\t\t\t<h2 class=\"elementor-heading-title elementor-size-default\">Termo de Uso e Responsabilidades<\/h2>\t\t<\/div>\n\t\t\t\t<\/div>\n\t\t\t\t\t\t<\/div>\n\t\t\t\t\t<\/div>\n\t\t<\/div>\n\t\t\t\t\t\t\t\t<\/div>\n\t\t\t\t\t<\/div>\n\t\t<\/section>\n\t\t\t\t<section class=\"elementor-section elementor-top-section elementor-element elementor-element-146b3d4 elementor-section-boxed elementor-section-height-default elementor-section-height-default\" data-id=\"146b3d4\" data-element_type=\"section\">\n\t\t\t\t\t\t<div class=\"elementor-container elementor-column-gap-default\">\n\t\t\t\t\t\t\t<div class=\"elementor-row\">\n\t\t\t\t\t<div class=\"elementor-column elementor-col-100 elementor-top-column elementor-element elementor-element-fe06ed5\" data-id=\"fe06ed5\" data-element_type=\"column\">\n\t\t\t<div class=\"elementor-column-wrap elementor-element-populated\">\n\t\t\t\t\t\t\t<div class=\"elementor-widget-wrap\">\n\t\t\t\t\t\t<div class=\"elementor-element elementor-element-7da51d2 elementor-aspect-ratio-169 elementor-widget elementor-widget-video\" data-id=\"7da51d2\" data-element_type=\"widget\" data-settings=\"{&quot;youtube_url&quot;:&quot;https:\\\/\\\/youtu.be\\\/utJkrbClh98&quot;,&quot;video_type&quot;:&quot;youtube&quot;,&quot;controls&quot;:&quot;yes&quot;,&quot;aspect_ratio&quot;:&quot;169&quot;}\" data-widget_type=\"video.default\">\n\t\t\t\t<div class=\"elementor-widget-container\">\n\t\t\t\t\t<div class=\"elementor-wrapper elementor-fit-aspect-ratio elementor-open-inline\">\n\t\t\t<div class=\"elementor-video\"><\/div>\t\t<\/div>\n\t\t\t\t<\/div>\n\t\t\t\t<\/div>\n\t\t\t\t\t\t<\/div>\n\t\t\t\t\t<\/div>\n\t\t<\/div>\n\t\t\t\t\t\t\t\t<\/div>\n\t\t\t\t\t<\/div>\n\t\t<\/section>\n\t\t\t\t<section class=\"elementor-section elementor-top-section elementor-element elementor-element-d5dd079 elementor-section-boxed elementor-section-height-default elementor-section-height-default\" data-id=\"d5dd079\" data-element_type=\"section\">\n\t\t\t\t\t\t<div class=\"elementor-container elementor-column-gap-default\">\n\t\t\t\t\t\t\t<div class=\"elementor-row\">\n\t\t\t\t\t<div class=\"elementor-column elementor-col-100 elementor-top-column elementor-element elementor-element-e11afb7\" data-id=\"e11afb7\" data-element_type=\"column\">\n\t\t\t<div class=\"elementor-column-wrap elementor-element-populated\">\n\t\t\t\t\t\t\t<div class=\"elementor-widget-wrap\">\n\t\t\t\t\t\t<div class=\"elementor-element elementor-element-b0642d0 elementor-widget elementor-widget-heading\" data-id=\"b0642d0\" data-element_type=\"widget\" data-widget_type=\"heading.default\">\n\t\t\t\t<div class=\"elementor-widget-container\">\n\t\t\t<h3 class=\"elementor-heading-title elementor-size-default\">TERMO DE USO E RESPONSABILIDADE\nDE PRODUTOS DO M\u00c9TODO DAS BOQUINHAS\u00ae<\/h3>\t\t<\/div>\n\t\t\t\t<\/div>\n\t\t\t\t<div class=\"elementor-element elementor-element-c3db047 elementor-widget-divider--view-line elementor-widget elementor-widget-divider\" data-id=\"c3db047\" data-element_type=\"widget\" data-widget_type=\"divider.default\">\n\t\t\t\t<div class=\"elementor-widget-container\">\n\t\t\t\t\t<div class=\"elementor-divider\">\n\t\t\t<span class=\"elementor-divider-separator\">\n\t\t\t\t\t\t<\/span>\n\t\t<\/div>\n\t\t\t\t<\/div>\n\t\t\t\t<\/div>\n\t\t\t\t\t\t<\/div>\n\t\t\t\t\t<\/div>\n\t\t<\/div>\n\t\t\t\t\t\t\t\t<\/div>\n\t\t\t\t\t<\/div>\n\t\t<\/section>\n\t\t\t\t<section class=\"elementor-section elementor-top-section elementor-element elementor-element-860240e elementor-section-boxed elementor-section-height-default elementor-section-height-default\" data-id=\"860240e\" data-element_type=\"section\">\n\t\t\t\t\t\t<div class=\"elementor-container elementor-column-gap-default\">\n\t\t\t\t\t\t\t<div class=\"elementor-row\">\n\t\t\t\t\t<div class=\"elementor-column elementor-col-100 elementor-top-column elementor-element elementor-element-acb8291\" data-id=\"acb8291\" data-element_type=\"column\">\n\t\t\t<div class=\"elementor-column-wrap elementor-element-populated\">\n\t\t\t\t\t\t\t<div class=\"elementor-widget-wrap\">\n\t\t\t\t\t\t<div class=\"elementor-element elementor-element-ff8645b elementor-widget elementor-widget-text-editor\" data-id=\"ff8645b\" data-element_type=\"widget\" data-widget_type=\"text-editor.default\">\n\t\t\t\t<div class=\"elementor-widget-container\">\n\t\t\t\t\t\t\t\t<div class=\"elementor-text-editor elementor-clearfix\">\n\t\t\t\t<p>\u00a0<\/p><p><strong>Termos de uso<\/strong><\/p><p>Esse \u00e9 um contrato firmado entre voc\u00ea, o USU\u00c1RIO e Boquinhas Aprendizagem e Assessoria Ltda ME, registrada com CNPJ 09.508.047\/0001-35, sita \u00e0 Rua Herm\u00ednio Pinto, 6-38, na cidade de Bauru\/SP, de agora em diante denominada BOQUINHAS, tendo como s\u00f3cia propriet\u00e1ria e respons\u00e1vel idealizadora de todos os seus produtos, a fonoaudi\u00f3loga Dra. Renata Savastano Ribeiro Jardini.<\/p><p>BOQUINHAS foi inicialmente apresentada em artigo cient\u00edfico em 1997 (JARDINI E VERGARA, 1997) e come\u00e7ou a lan\u00e7ar livros e jogos em 2003, ministrando cursos a partir dessa data. \u00c9 detentora da propriedade intelectual de todos os seus produtos, imagens (INPI: 901213802) e de seus cursos, capacita\u00e7\u00f5es, incluindo EAD (INPI: 901229164), possuindo marca registrada desde 14\/12\/2010.<\/p><p>Esse \u201cTermo de Uso de Produtos Boquinhas\u201d rege a utiliza\u00e7\u00e3o, pessoal ou comercial de todos nossos produtos, incluindo jogos f\u00edsicos, virtuais, aplicativos, informa\u00e7\u00f5es do Site, Loja virtual, Blog Boquinhas e Fanpage. BOQUINHAS n\u00e3o se responsabiliza por conte\u00fado apresentado em outros sites, blogs, e redes sociais que n\u00e3o sejam os oficiais acima descritos.<\/p><p>BOQUINHAS \u00e9 uma Tecnologia Educacional, com base multissensorial Fonovisuoarticulat\u00f3ria, com fins de mediar a alfabetiza\u00e7\u00e3o e continuidade da leitura e escrita, possuindo Multiplicadores certificados e Franqueados certificados por todo territ\u00f3rio nacional. Somente esse pessoal autorizado e certificado pela autora possui a licen\u00e7a de capacitar outros ao uso da Tecnologia Boquinhas. Idealizar, produzir e ministrar cursos BOQUINHAS, produzir, distribuir ou reproduzir, comercialmente, materiais e cursos BOQUINHAS n\u00e3o pertencendo \u00e0 Equipe Boquinhas \u00e9 infringir a lei de direitos autorais, 9.610, de 19.02.1988, pun\u00edvel como crime.<\/p><p>Ser USU\u00c1RIO significa que voc\u00ea pode usar todos os nossos produtos em benef\u00edcio pr\u00f3prio e\/ou de seus alunos, clientes, pacientes e pessoas sob sua responsabilidade, para que sua aprendizagem seja mais r\u00e1pida, segura e consistente, por meio da Tecnologia Educacional BOQUINHAS\u00ae. Divulgar nosso trabalho, fomentar o seu uso, prospectar uma abertura do conceito Boquinhas por meio de seu resultados e aplica\u00e7\u00e3o \u00e9 louv\u00e1vel e n\u00f3s lhe agradecemos muito por isso.<\/p><p>Os materiais gratuitos contidos na Loja Virtual Boquinhas podem ser baixados para\u00a0<em>download<\/em>\u00a0com a finalidade dos usos acima descritos. Os demais materiais, livros, jogos, banners, aplicativos, artigos, podem ser adquiridos, tamb\u00e9m atendendo aos usos acima descritos. Assim, mant\u00e9m-se intacto os direitos autorais e qualquer outra nota de propriedade da autora.<\/p><p>Voc\u00ea USU\u00c1RIO reconhece que analisou e aceitou todos os seus termos e concorda em cumpri-los, em prol de uma educa\u00e7\u00e3o de qualidade e princ\u00edpios \u00e9ticos.<\/p><p><strong>Limita\u00e7\u00e3o de Responsabilidade<\/strong><\/p><p>BOQUINHAS \u00e9 uma Tecnologia Educacional e foi certificada pelo MEC de 2009 a 2012, para aprimoramento e melhorias na educa\u00e7\u00e3o brasileira, principalmente no que se refere \u00e0 alfabetiza\u00e7\u00e3o. A autora desenvolveu esse trabalho metodologicamente, embasado em fundamenta\u00e7\u00e3o cient\u00edfica e pesquisa.<\/p><p>Adotar BOQUINHAS significa usar metodologicamente segundo os preceitos e fundamenta\u00e7\u00e3o idealizados pela autora, inclusive, com os materiais aut\u00eanticos. Para tal, a autora se responsabiliza pelos resultados preconizados, prestando assessoria no que for solicitado. O uso da ferramenta BOQUINHAS como recurso de aprendizagem e\/ou reabilita\u00e7\u00e3o, como um recorte e uso dentro de outras metodologias, n\u00e3o se caracteriza como ado\u00e7\u00e3o da metodologia na \u00edntegra e sim uso parcial, n\u00e3o tendo BOQUINHAS como assegurar os resultados preconizados, embora se saiba que h\u00e1 benef\u00edcios significativos tamb\u00e9m nesse uso parcial.<\/p><p>A aplica\u00e7\u00e3o de BOQUINHAS n\u00e3o acarreta preju\u00edzos nem causa danos ao usu\u00e1rio, de qualquer esp\u00e9cie, uma vez que propicia avan\u00e7os em sua aprendizagem, seja oral, seja em leitura e escrita, de maneira prazerosa, simples e concreta. Em todos os materiais \u00e9 explicado como a metodologia funciona e seus objetivos, bem como a faixa et\u00e1ria recomendada e p\u00fablico alvo. \u00c9 imprescind\u00edvel que o USU\u00c1RIO se empenhe para conhecer com o trabalho deve ser apresentado, a fim de se evitar desvios e\/ou equ\u00edvocos. Para tal todos os materiais possuem v\u00eddeos tutoriais e explica\u00e7\u00f5es de como devem ser utilizados. Tamb\u00e9m BOQUINHAS oferece cursos presenciais e \u00e0 dist\u00e2ncia para que a compreens\u00e3o da metodologia seja efetivada e bem utilizada.<\/p><p>Os livros, jogos e aplicativos s\u00e3o temporariamente atualizados pela autora, na inten\u00e7\u00e3o de oferecer cada vez mais recursos pautados em pesquisas e\u00a0<em>feedback<\/em>\u00a0dos usu\u00e1rios. A empresa, seus franqueados e distribuidores prezam pela qualidade oferecida, com pesquisas e question\u00e1rios de avalia\u00e7\u00e3o, opini\u00e3o do usu\u00e1rio, seja no envio das mercadorias, padr\u00e3o de qualidade dos cursos, bem como servi\u00e7o de atendimento ao consumidor, prestando todo apoio e assessoria ao usu\u00e1rio.<\/p><p>Todo material defeituoso, seja pelo frete de envio e\/ou produ\u00e7\u00e3o \u00e9 prontamente trocado e\/ou o investimento ressarcido, caso seja esse o desejo do USU\u00c1RIO. Os aplicativos BOQUINHAS s\u00e3o distribu\u00eddos e comercializados pelos parceiros Google e Apple, pela Play Store e Apple Store, ficando o usu\u00e1rio atrelado \u00e0s leis de vendas, termos de uso e pol\u00edticas de privacidade dessas empresas. BOQUINHAS n\u00e3o se responsabiliza pelo suporte t\u00e9cnico e\/ou operacional que diga respeito ao acesso a essas empresas, nem pelo uso de seus dados pessoais e de seu aparelho, que porventura essas empresas fa\u00e7am. BOQUINHAS responsabiliza-se, no entanto, por assessorar o USU\u00c1RIO no tocante relativo ao funcionamento dos aplicativos em si, quer seja por contato no SAC e\/ou contato direto com a autora.<\/p><p>BOQUINHAS n\u00e3o garante, declara ou assegura que o uso dos aplicativos seja ininterrupto ou livre de erros e voc\u00ea concorda que BOQUINHAS poder\u00e1 remover por per\u00edodos indefinidos ou cancelar este aplicativo a qualquer momento sem que voc\u00ea seja avisado. BOQUINHAS n\u00e3o garante, declara nem assegura que os aplicativos estejam livres de perda, interrup\u00e7\u00e3o, ataque, v\u00edrus, interfer\u00eancia, pirataria ou outra invas\u00e3o de seguran\u00e7a e isenta-se de qualquer responsabilidade em rela\u00e7\u00e3o a essas quest\u00f5es. Voc\u00ea \u00e9 respons\u00e1vel pelo<em>backup<\/em>\u00a0do seu pr\u00f3prio dispositivo e por suas contas nas empresas veiculadoras respons\u00e1veis.<\/p><p><strong>Uso de dados<\/strong><\/p><p>BOQUINHAS \u00e9 um site de informa\u00e7\u00f5es aberto ao p\u00fablico em geral, n\u00e3o necessitando qualquer tipo de cadastro. Ao efetivar uma compra, seja ela gratuita ou n\u00e3o, voc\u00ea \u00e9 direcionado a uma ficha de cadastramento com informa\u00e7\u00f5es simples, a fim de que se caracterize como um USU\u00c1RIO, podendo receber\u00a0<em>marketing<\/em>\u00a0por email, exclusivamente, da empresa, como divulga\u00e7\u00e3o, promo\u00e7\u00f5es, sorteios, mala direta, atualiza\u00e7\u00f5es e agenda de cursos. Voc\u00ea, a qualquer tempo, pode se descadastrar, deixando de receber nossas notifica\u00e7\u00f5es.<\/p><p>Tanto o Site como a Loja operam em ambiente seguro, blindado e n\u00e3o h\u00e1 veicula\u00e7\u00e3o de seus dados a outros, quer sejam pessoas f\u00edsicas e\/ou jur\u00eddicas. As informa\u00e7\u00f5es que voc\u00ea digita como coment\u00e1rios, opini\u00e3o do usu\u00e1rio, avalia\u00e7\u00f5es de produtos, incluindo seus dados e\/ou suas fotos s\u00e3o abertas e de conhecimento de todos. Portanto, ao postar em nossos Site, Loja e\/ou Blog, assegure-se de que sua inten\u00e7\u00e3o \u00e9 compartilhar esse conte\u00fado com mais pessoas.<\/p><p>Durante todo o tempo, BOQUINHAS quer ouvir voc\u00ea, conhecer suas necessidades e trocar experi\u00eancias com voc\u00ea. Pois acreditamos que o sucesso dessa metodologia foi feito por USU\u00c1RIOS + BOQUINHAS, conscientes de seu of\u00edcio como coautores da aprendizagem.\u00a0\u00a0<\/p>\t\t\t\t\t<\/div>\n\t\t\t\t\t\t<\/div>\n\t\t\t\t<\/div>\n\t\t\t\t\t\t<\/div>\n\t\t\t\t\t<\/div>\n\t\t<\/div>\n\t\t\t\t\t\t\t\t<\/div>\n\t\t\t\t\t<\/div>\n\t\t<\/section>\n\t\t\t\t<section class=\"elementor-section elementor-top-section elementor-element elementor-element-a7e1fb8 elementor-section-boxed elementor-section-height-default elementor-section-height-default\" data-id=\"a7e1fb8\" data-element_type=\"section\">\n\t\t\t\t\t\t<div class=\"elementor-container elementor-column-gap-default\">\n\t\t\t\t\t\t\t<div class=\"elementor-row\">\n\t\t\t\t\t<div class=\"elementor-column elementor-col-100 elementor-top-column elementor-element elementor-element-ed5793f\" data-id=\"ed5793f\" data-element_type=\"column\">\n\t\t\t<div class=\"elementor-column-wrap elementor-element-populated\">\n\t\t\t\t\t\t\t<div class=\"elementor-widget-wrap\">\n\t\t\t\t\t\t<div class=\"elementor-element elementor-element-688db50 elementor-widget elementor-widget-alert\" data-id=\"688db50\" data-element_type=\"widget\" data-widget_type=\"alert.default\">\n\t\t\t\t<div class=\"elementor-widget-container\">\n\t\t\t\t\t<div class=\"elementor-alert elementor-alert-info\" role=\"alert\">\n\t\t\t<span class=\"elementor-alert-title\">Pol\u00edtica de Devolu\u00e7\u00e3o<\/span>\n\t\t\t\t\t\t\t<span class=\"elementor-alert-description\"><br\/>O C\u00f3digo de Defesa do Consumidor estabelece prazos para voc\u00ea reclamar.\nFique atento, para n\u00e3o perder seu direito!<br\/><br\/>\n<ul><li>\n30 (trinta) dias para produtos n\u00e3o-dur\u00e1veis;<\/li><li>\n90 (noventa) dias para produtos dur\u00e1veis;<\/li>\n<li>Se o defeito n\u00e3o for aparente, dificultando a sua identifica\u00e7\u00e3o imediata, fa\u00e7a a reclama\u00e7\u00e3o assim que notar o defeito, pois os prazos come\u00e7am ser contados a partir do seu aparecimento.<\/li>\n<li>\nPara a corre\u00e7\u00e3o do defeito, o fornecedor tem o prazo de 30 dias.<\/li><\/ul>\nObs.: Depois desse prazo, o consumidor poder\u00e1 exigir: a troca do produto ou o abatimento no pre\u00e7o ou a devolu\u00e7\u00e3o do dinheiro, corrigido.<br\/>\nAten\u00e7\u00e3o: o comerciante n\u00e3o \u00e9 obrigado a trocar um produto que estiver em perfeito estado. S\u00f3 existe essa obriga\u00e7\u00e3o se houver anota\u00e7\u00e3o na Nota Fiscal.<br\/><\/span>\n\t\t\t\t\t\t\t\t\t\t<button type=\"button\" class=\"elementor-alert-dismiss\">\n\t\t\t\t\t<span aria-hidden=\"true\">&times;<\/span>\n\t\t\t\t\t<span class=\"elementor-screen-only\">Dispensar alerta<\/span>\n\t\t\t\t<\/button>\n\t\t\t\t\t<\/div>\n\t\t\t\t<\/div>\n\t\t\t\t<\/div>\n\t\t\t\t\t\t<\/div>\n\t\t\t\t\t<\/div>\n\t\t<\/div>\n\t\t\t\t\t\t\t\t<\/div>\n\t\t\t\t\t<\/div>\n\t\t<\/section>\n\t\t\t\t\t\t<\/div>\n\t\t\t\t\t\t<\/div>\n\t\t\t\t\t<\/div>\n\t\t","protected":false},"excerpt":{"rendered":"<p>Termo de Uso e Responsabilidades TERMO DE USO E RESPONSABILIDADE DE PRODUTOS DO M\u00c9TODO DAS BOQUINHAS\u00ae \u00a0 Termos de uso Esse \u00e9 um contrato firmado entre voc\u00ea, o USU\u00c1RIO e Boquinhas Aprendizagem e Assessoria Ltda ME, registrada com CNPJ 09.508.047\/0001-35, sita \u00e0 Rua Herm\u00ednio Pinto, 6-38, na cidade de Bauru\/SP, de agora em diante denominada [&hellip;]<\/p>\n","protected":false},"author":8,"featured_media":0,"parent":0,"menu_order":0,"comment_status":"closed","ping_status":"closed","template":"page-templates\/template_page-builder.php","meta":{"_joinchat":[],"footnotes":""},"_links":{"self":[{"href":"https:\/\/metododasboquinhas.com.br\/novo\/wp-json\/wp\/v2\/pages\/1423"}],"collection":[{"href":"https:\/\/metododasboquinhas.com.br\/novo\/wp-json\/wp\/v2\/pages"}],"about":[{"href":"https:\/\/metododasboquinhas.com.br\/novo\/wp-json\/wp\/v2\/types\/page"}],"author":[{"embeddable":true,"href":"https:\/\/metododasboquinhas.com.br\/novo\/wp-json\/wp\/v2\/users\/8"}],"replies":[{"embeddable":true,"href":"https:\/\/metododasboquinhas.com.br\/novo\/wp-json\/wp\/v2\/comments?post=1423"}],"version-history":[{"count":4,"href":"https:\/\/metododasboquinhas.com.br\/novo\/wp-json\/wp\/v2\/pages\/1423\/revisions"}],"predecessor-version":[{"id":1430,"href":"https:\/\/metododasboquinhas.com.br\/novo\/wp-json\/wp\/v2\/pages\/1423\/revisions\/1430"}],"wp:attachment":[{"href":"https:\/\/metododasboquinhas.com.br\/novo\/wp-json\/wp\/v2\/media?parent=1423"}],"curies":[{"name":"wp","href":"https:\/\/api.w.org\/{rel}","templated":true}]}}