{"id":1434,"date":"2019-03-25T09:08:45","date_gmt":"2019-03-25T12:08:45","guid":{"rendered":"http:\/\/mdb.bbshop.com.br\/?page_id=1434"},"modified":"2019-03-25T09:19:43","modified_gmt":"2019-03-25T12:19:43","slug":"politica-de-cookies","status":"publish","type":"page","link":"https:\/\/metododasboquinhas.com.br\/novo\/politica-de-cookies\/","title":{"rendered":"Pol\u00edtica de Cookies"},"content":{"rendered":"\t\t<div data-elementor-type=\"wp-post\" data-elementor-id=\"1434\" class=\"elementor elementor-1434 elementor-bc-flex-widget\" data-elementor-settings=\"[]\">\n\t\t\t\t\t\t<div class=\"elementor-inner\">\n\t\t\t\t\t\t\t<div class=\"elementor-section-wrap\">\n\t\t\t\t\t\t\t<section class=\"elementor-section elementor-top-section elementor-element elementor-element-4d077676 elementor-section-full_width elementor-section-height-min-height elementor-section-height-default elementor-section-items-middle\" data-id=\"4d077676\" data-element_type=\"section\" data-settings=\"{&quot;background_background&quot;:&quot;classic&quot;,&quot;shape_divider_bottom&quot;:&quot;opacity-tilt&quot;}\">\n\t\t\t\t\t<div class=\"elementor-shape elementor-shape-bottom\" data-negative=\"false\">\n\t\t\t<svg xmlns=\"http:\/\/www.w3.org\/2000\/svg\" viewBox=\"0 0 2600 131.1\" preserveAspectRatio=\"none\">\n\t<path class=\"elementor-shape-fill\" d=\"M0 0L2600 0 2600 69.1 0 0z\"\/>\n\t<path class=\"elementor-shape-fill\" style=\"opacity:0.5\" d=\"M0 0L2600 0 2600 69.1 0 69.1z\"\/>\n\t<path class=\"elementor-shape-fill\" style=\"opacity:0.25\" d=\"M2600 0L0 0 0 130.1 2600 69.1z\"\/>\n<\/svg>\t\t<\/div>\n\t\t\t\t\t<div class=\"elementor-container elementor-column-gap-default\">\n\t\t\t\t\t\t\t<div class=\"elementor-row\">\n\t\t\t\t\t<div class=\"elementor-column elementor-col-100 elementor-top-column elementor-element elementor-element-1ba05ac7\" data-id=\"1ba05ac7\" data-element_type=\"column\">\n\t\t\t<div class=\"elementor-column-wrap elementor-element-populated\">\n\t\t\t\t\t\t\t<div class=\"elementor-widget-wrap\">\n\t\t\t\t\t\t<div class=\"elementor-element elementor-element-2b5c0c9 elementor-widget elementor-widget-heading\" data-id=\"2b5c0c9\" data-element_type=\"widget\" data-widget_type=\"heading.default\">\n\t\t\t\t<div class=\"elementor-widget-container\">\n\t\t\t<h2 class=\"elementor-heading-title elementor-size-default\">Pol\u00edtica de Cookies<\/h2>\t\t<\/div>\n\t\t\t\t<\/div>\n\t\t\t\t\t\t<\/div>\n\t\t\t\t\t<\/div>\n\t\t<\/div>\n\t\t\t\t\t\t\t\t<\/div>\n\t\t\t\t\t<\/div>\n\t\t<\/section>\n\t\t\t\t<section class=\"elementor-section elementor-top-section elementor-element elementor-element-d5dd079 elementor-section-boxed elementor-section-height-default elementor-section-height-default\" data-id=\"d5dd079\" data-element_type=\"section\">\n\t\t\t\t\t\t<div class=\"elementor-container elementor-column-gap-default\">\n\t\t\t\t\t\t\t<div class=\"elementor-row\">\n\t\t\t\t\t<div class=\"elementor-column elementor-col-100 elementor-top-column elementor-element elementor-element-e11afb7\" data-id=\"e11afb7\" data-element_type=\"column\">\n\t\t\t<div class=\"elementor-column-wrap elementor-element-populated\">\n\t\t\t\t\t\t\t<div class=\"elementor-widget-wrap\">\n\t\t\t\t\t\t<div class=\"elementor-element elementor-element-b0642d0 elementor-widget elementor-widget-heading\" data-id=\"b0642d0\" data-element_type=\"widget\" data-widget_type=\"heading.default\">\n\t\t\t\t<div class=\"elementor-widget-container\">\n\t\t\t<h3 class=\"elementor-heading-title elementor-size-default\">POL\u00cdTICA DE COOKIES\u00b9 E FERRAMENTAS DE COLETA<\/h3>\t\t<\/div>\n\t\t\t\t<\/div>\n\t\t\t\t<div class=\"elementor-element elementor-element-c3db047 elementor-widget-divider--view-line elementor-widget elementor-widget-divider\" data-id=\"c3db047\" data-element_type=\"widget\" data-widget_type=\"divider.default\">\n\t\t\t\t<div class=\"elementor-widget-container\">\n\t\t\t\t\t<div class=\"elementor-divider\">\n\t\t\t<span class=\"elementor-divider-separator\">\n\t\t\t\t\t\t<\/span>\n\t\t<\/div>\n\t\t\t\t<\/div>\n\t\t\t\t<\/div>\n\t\t\t\t\t\t<\/div>\n\t\t\t\t\t<\/div>\n\t\t<\/div>\n\t\t\t\t\t\t\t\t<\/div>\n\t\t\t\t\t<\/div>\n\t\t<\/section>\n\t\t\t\t<section class=\"elementor-section elementor-top-section elementor-element elementor-element-860240e elementor-section-boxed elementor-section-height-default elementor-section-height-default\" data-id=\"860240e\" data-element_type=\"section\">\n\t\t\t\t\t\t<div class=\"elementor-container elementor-column-gap-default\">\n\t\t\t\t\t\t\t<div class=\"elementor-row\">\n\t\t\t\t\t<div class=\"elementor-column elementor-col-100 elementor-top-column elementor-element elementor-element-acb8291\" data-id=\"acb8291\" data-element_type=\"column\">\n\t\t\t<div class=\"elementor-column-wrap elementor-element-populated\">\n\t\t\t\t\t\t\t<div class=\"elementor-widget-wrap\">\n\t\t\t\t\t\t<div class=\"elementor-element elementor-element-ff8645b elementor-widget elementor-widget-text-editor\" data-id=\"ff8645b\" data-element_type=\"widget\" data-widget_type=\"text-editor.default\">\n\t\t\t\t<div class=\"elementor-widget-container\">\n\t\t\t\t\t\t\t\t<div class=\"elementor-text-editor elementor-clearfix\">\n\t\t\t\t<p><strong>AUTOM\u00c1TICA DE DADOS DE ACORDO COM O GDPR\u00b2<\/strong><\/p><p>Al\u00e9m de se preocupar com a preserva\u00e7\u00e3o de sua privacidade, Boquinhas Aprendizagem e Assessoria Ltda ME, registrada com CNPJ 09.508.047\/0001-35, sita \u00e0 Rua Herm\u00ednio Pinto, 6-38, na cidade de Bauru\/SP, de agora em diante denominada\u00a0<strong>BOQUINHAS,<\/strong>\u00a0 preza pela transpar\u00eancia de suas atividades, buscando sempre deixar claro para voc\u00ea,\u00a0<strong>USU\u00c1RIO<\/strong>, como atuam nosso Site, Loja Virtual, Blog e Plataforma de Cursos, agora denominados\u00a0<strong>WEBSITES<\/strong>.<\/p><p>Dessa forma, ao aceitar os Termos de Uso e Pol\u00edtica de Privacidade de BOQUINHAS, voc\u00ea precisa conhecer e estar de acordo com nossa Pol\u00edtica de Cookies e ferramentas de coleta autom\u00e1tica de dados, que visa esclarecer como tais ferramentas funcionam, seu prop\u00f3sito, bem como as formas de ativa\u00e7\u00e3o e desativa\u00e7\u00e3o. Assim, solicitamos que leia com aten\u00e7\u00e3o antes de se cadastrar ou mesmo navegar nos sites e plataforma de BOQUINHAS.<\/p><p>Por fim, frisamos que apesar de ser uma op\u00e7\u00e3o de o Usu\u00e1rio permitir ou n\u00e3o o uso de cookies e outras ferramentas de coleta de dados, a sua negativa coleta autom\u00e1tica de dados inviabilizar\u00e1 a presta\u00e7\u00e3o de servi\u00e7os por BOQUINHAS de maneira plena e adequada.<\/p><p><strong>O QUE S\u00c3O COOKIES E FERRAMENTAS DE COLETA DE DADOS<\/strong><\/p><p>Antes de adentrar ao m\u00e9rito do porqu\u00ea e para que utilizamos Cookies e outras tecnologias similares, achamos importante esclarecer o que s\u00e3o essas ferramentas.<\/p><p>Em suma, cookies s\u00e3o um pequeno arquivo de dados (geralmente arquivos de texto criptografados) que os websites solicitam que o browser (navegador) dos usu\u00e1rios armazene, seja no computador ou dispositivos m\u00f3veis (celulares, tablets, etc.).<\/p><p>O principal objeto dos cookies \u00e9 permitir que o browser do usu\u00e1rio \u201cse lembre\u201d das suas a\u00e7\u00f5es e\/ou prefer\u00eancias atrav\u00e9s do tempo, tornando poss\u00edvel que os websites que apliquem cookies forne\u00e7am servi\u00e7os mais r\u00e1pidos, eficientes e customizados aos usu\u00e1rios, eliminando a necessidade de introduzir repetidamente as mesmas informa\u00e7\u00f5es.<\/p><p>Assim, os cookies s\u00e3o usados, dentre outros fins, para identificar os Usu\u00e1rios, armazenar e lembrar as prefer\u00eancias personalizadas pelo Usu\u00e1rio, auxiliar os usu\u00e1rios a completar tarefas sem ter que reinserir informa\u00e7\u00f5es quando estiver navegando de um site para outro ou quando visitar novamente os mesmos WEBSITES.<\/p><p>Outras ferramentas de coleta de dados, similares aos cookies tamb\u00e9m s\u00e3o empregadas por BOQUINHAS: cookies anal\u00edticos e de rastreamento, objetivando coletar dados do usu\u00e1rio e do seu comportamento, para possibilitar o funcionamento dos WEBSITES.<\/p><p>Ressaltamos, por\u00e9m, que n\u00e3o coletamos informa\u00e7\u00f5es e dados dos Usu\u00e1rios que n\u00e3o s\u00e3o necess\u00e1rios para permitir o pleno e adequando funcionamento dos WEBSITES e presta\u00e7\u00e3o dos servi\u00e7os explicitados nos Termos de Uso.<\/p><p>Vale lembrar que, apesar da maioria dos browsers aceitarem cookies, os usu\u00e1rios sempre podem configurar o browser para negar a aplica\u00e7\u00e3o de cookies, podendo deleta-los sempre que quiser.<\/p><p><strong>QUE TIPO DE COOKIES UTILIZAMOS?<\/strong><\/p><p>Basicamente, existem dois grupos cookies que podem ser utilizados:<\/p><p>COOKIES PERMANENTES: s\u00e3o cookies que ficam armazenados ao n\u00edvel do browser nos seus equipamentos de acesso (PC, mobile e tablet) e que s\u00e3o utilizados sempre que h\u00e1 uma nova visita a um dos nossos websites. S\u00e3o utilizados, geralmente, para direcionar a navega\u00e7\u00e3o aos interesses do utilizador, permitindo-nos prestar um servi\u00e7o mais personalizado.<\/p><p>COOKIES DE SESS\u00c3O: s\u00e3o cookies tempor\u00e1rios que permanecem no arquivo de cookies do seu browser at\u00e9 sair do website. A informa\u00e7\u00e3o obtida por estes cookies serve para analisar padr\u00f5es de tr\u00e1fego na web, permitindo-nos identificar problemas e fornecer uma melhor experi\u00eancia de navega\u00e7\u00e3o.<\/p><p><strong>CATEGORIAS DE COOKIES<\/strong><\/p><p>PREFER\u00caNCIAS:\u00a0Categoria de cookie que permite que BOQUINHAS lembre informa\u00e7\u00f5es que mudam a forma como o site se comporta ou \u00e9 exibido, como o idioma preferido ou a regi\u00e3o em que o usu\u00e1rio est\u00e1. O objetivo principal desse tipo de cookie \u00e9 melhorar a experi\u00eancia do usu\u00e1rio ao utilizar os WEBSITES.<\/p><p>SEGURAN\u00c7A:\u00a0Categoria de cookie empregada para verificar a identidade do usu\u00e1rio, buscando evitar a utiliza\u00e7\u00e3o fraudulenta de credenciais de login e proteger os dados do usu\u00e1rio de terceiros n\u00e3o autorizados.<\/p><p>ANAL\u00cdTICOS:\u00a0Categoria de cookie que tem por objetivo permitir que propriet\u00e1rios de sites e aplicativos entendam e analisem como os visitantes utilizam e interagem com seus websites, produtos e servi\u00e7os, por meio de coletar informa\u00e7\u00f5es e estat\u00edsticas de uso de relat\u00f3rios de website. Para tanto, n\u00e3o \u00e9 preciso identificar pessoalmente os usu\u00e1rios.<\/p><p>RASTREAMENTO:\u00a0Categoria de cookie que, atrav\u00e9s do armazenamento de arquivos nos dispositivos dos visitantes dos websites dos nossos parceiros, registra clicks em links, an\u00fancios e transa\u00e7\u00f5es comerciais, como vendas e leads.<\/p><p>Destaca-se que o \u00fanico prop\u00f3sito dos cookies de rastreamento aplicados pelos WEBSITES \u00e9 identificar uma transa\u00e7\u00e3o efetivada por BOQUINHAS ou um parceiro atrav\u00e9s de suas ferramentas, permitindo assim o monitoramento ou seu comissionamento pela transa\u00e7\u00e3o concretizada, se for o caso. Portanto, o referido cookie n\u00e3o coleta dados de identifica\u00e7\u00e3o pessoal dos visitantes, mas t\u00e3o somente quando e em qual dispositivo um click em um determinado link ou produto ocorreu, sendo essas as informa\u00e7\u00f5es registradas.<\/p><p>PUBLICIDADE:\u00a0Categoria de cookie utilizada para tornar a adequar a publicidade ao perfil do usu\u00e1rio impactado, melhorando sua experi\u00eancia e buscando conferir maior efetividade para anunciantes.<\/p><p>PROCESSOS:\u00a0Categoria de cookie empregada com o objetivo de melhorar o funcionamento dos WEBSITES, buscando que os usu\u00e1rios encontrem os servi\u00e7os e informa\u00e7\u00f5es esperados.<\/p><p><strong>QUADRO GERAL DE COOKIES<\/strong><\/p><table width=\"0\"><tbody><tr><td width=\"112\"><p>Tipo de Cookie<\/p><\/td><td width=\"239\"><p>Por que usamos esse Cookie<\/p><\/td><td width=\"234\"><p>N\u00f3s Compartilhamos esse Cookie?<\/p><\/td><td width=\"110\"><p>Por quanto tempo n\u00f3s compartilhamos<\/p><\/td><\/tr><tr><td width=\"112\"><p><strong>Google Analytics:<\/strong><\/p><p>_ga<\/p><p>_gid<\/p><\/td><td width=\"239\"><p>Para extrairmos informa\u00e7\u00e3o sobre a utiliza\u00e7\u00e3o dos WEBSITES atrav\u00e9s do Google Analytics<\/p><\/td><td width=\"234\"><p>Sim (Google)<\/p><\/td><td width=\"110\"><p>Eterno<\/p><\/td><\/tr><\/tbody><\/table><p><strong>PARCEIROS E PRESTADORES DE SERVI\u00c7OS DE BOQUINHAS QUE APLICAM COOKIES NO SEU NAVEGADOR<\/strong><\/p><p>\u00c9 importante esclarecer que, ap\u00f3s acessar os sites de BOQUINHAS, alguns parceiros e prestadores de servi\u00e7os de BOQUINHAS, podem aplicar e gravar cookies no seu navegador, a fim de permitir a presta\u00e7\u00e3o dos servi\u00e7os contratados, bem como a manuten\u00e7\u00e3o e melhoria das funcionalidades dos sites.<\/p><p>Assim, segue abaixo uma lista com os principais parceiros e prestadores de servi\u00e7os de BOQUINHAS que gravam cookies em seu navegador, o motivo pelo qual os cookies s\u00e3o empregados e o link para pol\u00edtica de privacidade de cada um desses parceiros e prestadores de servi\u00e7os:<\/p><p>&#8211; Oficina da Inteligencia<\/p><p>&#8211; BBshop<\/p><p><strong>COMO GERIR OS COOKIES EM SEU BROWSER<\/strong><\/p><p>Todos os browsers (navegadores como Google Chrome, Internet Explore, Firefox, etc.) permitem ao usu\u00e1rio, ao visitar\/acessar um website, aceitar, recusar ou apagar cookies, nomeadamente, atrav\u00e9s da sele\u00e7\u00e3o das defini\u00e7\u00f5es apropriadas no respectivo navegador. Pode-se configurar os cookies no menu \u201cop\u00e7\u00f5es\u201d ou \u201cprefer\u00eancias\u201d do seu browser.<\/p><p>A remo\u00e7\u00e3o ou rejei\u00e7\u00e3o de cookies do navegador n\u00e3o afeta necessariamente os flashes cookies de terceiros usados junto com nossos Servi\u00e7os. Para excluir ou desativar flash cookies, visite:\u00a0<strong><a href=\"http:\/\/helpx.adobe.com\/flash-player\/kb\/disable-local-shared-objects-flash.html\">http:\/\/helpx.adobe.com\/flash-player\/kb\/disable-local-shared-objects-flash.html<\/a><\/strong><strong>\u00a0,<\/strong>para obter mais informa\u00e7\u00f5es.<\/p><p>Ressaltamos, contudo, que, ao desabilitar, parcialmente ou totalmente os cookies, BOQUINHAS poder\u00e1 ficar impossibilitado de prestar alguns servi\u00e7os ofertados atrav\u00e9s de PLATAFORMA, ou pode acarretar no funcionamento inadequada do seu website.<\/p><p><strong>ONDE ENCONTRAR MAIS INFORMA\u00c7\u00d5ES?<\/strong><\/p><p>Se tiver interesse em obter maiores esclarecimentos e informa\u00e7\u00f5es sobre cookies, como gerenciar, excluir e at\u00e9 mesmo como visualizar quais cookies foram configurados em seu dispositivo, sugerimos visitar os sites:\u00a0<strong><a href=\"https:\/\/www.hotmart.com\/pt\/politica-de-cookies\/www.allaboutcookies.org\">www.allaboutcookies.org<\/a><\/strong>\u00a0 e\u00a0\u00a0<strong><a href=\"https:\/\/www.hotmart.com\/pt\/politica-de-cookies\/www.youronlinechoices.eu\">www.youronlinechoices.eu<\/a><\/strong>.<\/p><p><strong>ALTERA\u00c7\u00d5ES DESTA POL\u00cdTICA DE COOKIES<\/strong><\/p><p>BOQUINHAS se reserva o direito de, a qualquer momento, alterar esta Pol\u00edtica de Cookies, atualizando seu conte\u00fado conforme as necessidades de aperfei\u00e7oamento tecnol\u00f3gico ou de suas funcionalidades.<\/p><p>Quando houver altera\u00e7\u00e3o na Pol\u00edtica de Cookies, BOQUINHAS comunicar\u00e1 seus usu\u00e1rios por e-mail ou em publica\u00e7\u00e3o em \u00e1rea de destaque na Plataforma e solicitar\u00e1 a manifesta\u00e7\u00e3o de sua concord\u00e2ncia com a Pol\u00edtica de Privacidade alterada.<\/p><p>Caso voc\u00ea continue a utilizar os servi\u00e7os ou ferramentas oferecidos por BOQUINHAS ap\u00f3s a comunica\u00e7\u00e3o da altera\u00e7\u00e3o da Pol\u00edtica de Cookies, isto significar\u00e1 e ser\u00e1 considerado como seu consentimento inequ\u00edvoco e aceita\u00e7\u00e3o irrevog\u00e1vel e irretrat\u00e1vel de todos os termos e condi\u00e7\u00f5es contidos na Pol\u00edtica alterada.<\/p><p><strong>D\u00daVIDAS? FALE CONOSCO<\/strong><\/p><p>Caso algum ponto desta Pol\u00edtica n\u00e3o tenha ficado claro, d\u00favidas tenham surgido ou voc\u00ea queira fazer qualquer solicita\u00e7\u00e3o com rela\u00e7\u00e3o aos cookies e dados pessoais eventualmente tratados por BOQUINHAS, entre em contato pelo fale conosco com o assunto \u201cPol\u00edtica de Cookies\u201d.<\/p>\t\t\t\t\t<\/div>\n\t\t\t\t\t\t<\/div>\n\t\t\t\t<\/div>\n\t\t\t\t\t\t<\/div>\n\t\t\t\t\t<\/div>\n\t\t<\/div>\n\t\t\t\t\t\t\t\t<\/div>\n\t\t\t\t\t<\/div>\n\t\t<\/section>\n\t\t\t\t<section class=\"elementor-section elementor-top-section elementor-element elementor-element-a7e1fb8 elementor-section-boxed elementor-section-height-default elementor-section-height-default\" data-id=\"a7e1fb8\" data-element_type=\"section\">\n\t\t\t\t\t\t<div class=\"elementor-container elementor-column-gap-default\">\n\t\t\t\t\t\t\t<div class=\"elementor-row\">\n\t\t\t\t\t<div class=\"elementor-column elementor-col-100 elementor-top-column elementor-element elementor-element-ed5793f\" data-id=\"ed5793f\" data-element_type=\"column\">\n\t\t\t<div class=\"elementor-column-wrap elementor-element-populated\">\n\t\t\t\t\t\t\t<div class=\"elementor-widget-wrap\">\n\t\t\t\t\t\t<div class=\"elementor-element elementor-element-688db50 elementor-widget elementor-widget-alert\" data-id=\"688db50\" data-element_type=\"widget\" data-widget_type=\"alert.default\">\n\t\t\t\t<div class=\"elementor-widget-container\">\n\t\t\t\t\t<div class=\"elementor-alert elementor-alert-info\" role=\"alert\">\n\t\t\t<span class=\"elementor-alert-title\">Defini\u00e7\u00e3o<\/span>\n\t\t\t\t\t\t\t<span class=\"elementor-alert-description\">[1] Os cookies s\u00e3o arquivos de internet que armazenam temporariamente o que o internauta est\u00e1 visitando na rede.<br\/>\n\n[2] Orienta\u00e7\u00f5es internacionais de prote\u00e7\u00e3o ao usu\u00e1rio digital, GDPR, General Data Protection Regulation.<\/span>\n\t\t\t\t\t\t\t\t\t\t<button type=\"button\" class=\"elementor-alert-dismiss\">\n\t\t\t\t\t<span aria-hidden=\"true\">&times;<\/span>\n\t\t\t\t\t<span class=\"elementor-screen-only\">Dispensar alerta<\/span>\n\t\t\t\t<\/button>\n\t\t\t\t\t<\/div>\n\t\t\t\t<\/div>\n\t\t\t\t<\/div>\n\t\t\t\t\t\t<\/div>\n\t\t\t\t\t<\/div>\n\t\t<\/div>\n\t\t\t\t\t\t\t\t<\/div>\n\t\t\t\t\t<\/div>\n\t\t<\/section>\n\t\t\t\t\t\t<\/div>\n\t\t\t\t\t\t<\/div>\n\t\t\t\t\t<\/div>\n\t\t","protected":false},"excerpt":{"rendered":"<p>Pol\u00edtica de Cookies POL\u00cdTICA DE COOKIES\u00b9 E FERRAMENTAS DE COLETA AUTOM\u00c1TICA DE DADOS DE ACORDO COM O GDPR\u00b2 Al\u00e9m de se preocupar com a preserva\u00e7\u00e3o de sua privacidade, Boquinhas Aprendizagem e Assessoria Ltda ME, registrada com CNPJ 09.508.047\/0001-35, sita \u00e0 Rua Herm\u00ednio Pinto, 6-38, na cidade de Bauru\/SP, de agora em diante denominada&nbsp;BOQUINHAS,&nbsp; preza pela [&hellip;]<\/p>\n","protected":false},"author":8,"featured_media":0,"parent":0,"menu_order":0,"comment_status":"closed","ping_status":"closed","template":"page-templates\/template_page-builder.php","meta":{"_joinchat":[],"footnotes":""},"_links":{"self":[{"href":"https:\/\/metododasboquinhas.com.br\/novo\/wp-json\/wp\/v2\/pages\/1434"}],"collection":[{"href":"https:\/\/metododasboquinhas.com.br\/novo\/wp-json\/wp\/v2\/pages"}],"about":[{"href":"https:\/\/metododasboquinhas.com.br\/novo\/wp-json\/wp\/v2\/types\/page"}],"author":[{"embeddable":true,"href":"https:\/\/metododasboquinhas.com.br\/novo\/wp-json\/wp\/v2\/users\/8"}],"replies":[{"embeddable":true,"href":"https:\/\/metododasboquinhas.com.br\/novo\/wp-json\/wp\/v2\/comments?post=1434"}],"version-history":[{"count":5,"href":"https:\/\/metododasboquinhas.com.br\/novo\/wp-json\/wp\/v2\/pages\/1434\/revisions"}],"predecessor-version":[{"id":1442,"href":"https:\/\/metododasboquinhas.com.br\/novo\/wp-json\/wp\/v2\/pages\/1434\/revisions\/1442"}],"wp:attachment":[{"href":"https:\/\/metododasboquinhas.com.br\/novo\/wp-json\/wp\/v2\/media?parent=1434"}],"curies":[{"name":"wp","href":"https:\/\/api.w.org\/{rel}","templated":true}]}}