{"id":1439,"date":"2019-03-25T09:14:31","date_gmt":"2019-03-25T12:14:31","guid":{"rendered":"http:\/\/mdb.bbshop.com.br\/?page_id=1439"},"modified":"2021-07-05T11:16:23","modified_gmt":"2021-07-05T14:16:23","slug":"politica-de-privacidade","status":"publish","type":"page","link":"https:\/\/metododasboquinhas.com.br\/novo\/politica-de-privacidade\/","title":{"rendered":"Pol\u00edtica de Privacidade"},"content":{"rendered":"\t\t<div data-elementor-type=\"wp-post\" data-elementor-id=\"1439\" class=\"elementor elementor-1439 elementor-bc-flex-widget\" data-elementor-settings=\"[]\">\n\t\t\t\t\t\t<div class=\"elementor-inner\">\n\t\t\t\t\t\t\t<div class=\"elementor-section-wrap\">\n\t\t\t\t\t\t\t<section class=\"elementor-section elementor-top-section elementor-element elementor-element-4d077676 elementor-section-full_width elementor-section-height-min-height elementor-section-height-default elementor-section-items-middle\" data-id=\"4d077676\" data-element_type=\"section\" data-settings=\"{&quot;background_background&quot;:&quot;classic&quot;,&quot;shape_divider_bottom&quot;:&quot;opacity-tilt&quot;}\">\n\t\t\t\t\t<div class=\"elementor-shape elementor-shape-bottom\" data-negative=\"false\">\n\t\t\t<svg xmlns=\"http:\/\/www.w3.org\/2000\/svg\" viewBox=\"0 0 2600 131.1\" preserveAspectRatio=\"none\">\n\t<path class=\"elementor-shape-fill\" d=\"M0 0L2600 0 2600 69.1 0 0z\"\/>\n\t<path class=\"elementor-shape-fill\" style=\"opacity:0.5\" d=\"M0 0L2600 0 2600 69.1 0 69.1z\"\/>\n\t<path class=\"elementor-shape-fill\" style=\"opacity:0.25\" d=\"M2600 0L0 0 0 130.1 2600 69.1z\"\/>\n<\/svg>\t\t<\/div>\n\t\t\t\t\t<div class=\"elementor-container elementor-column-gap-default\">\n\t\t\t\t\t\t\t<div class=\"elementor-row\">\n\t\t\t\t\t<div class=\"elementor-column elementor-col-100 elementor-top-column elementor-element elementor-element-1ba05ac7\" data-id=\"1ba05ac7\" data-element_type=\"column\">\n\t\t\t<div class=\"elementor-column-wrap elementor-element-populated\">\n\t\t\t\t\t\t\t<div class=\"elementor-widget-wrap\">\n\t\t\t\t\t\t<div class=\"elementor-element elementor-element-2b5c0c9 elementor-widget elementor-widget-heading\" data-id=\"2b5c0c9\" data-element_type=\"widget\" data-widget_type=\"heading.default\">\n\t\t\t\t<div class=\"elementor-widget-container\">\n\t\t\t<h2 class=\"elementor-heading-title elementor-size-default\">Pol\u00edtica de Privacidade<\/h2>\t\t<\/div>\n\t\t\t\t<\/div>\n\t\t\t\t\t\t<\/div>\n\t\t\t\t\t<\/div>\n\t\t<\/div>\n\t\t\t\t\t\t\t\t<\/div>\n\t\t\t\t\t<\/div>\n\t\t<\/section>\n\t\t\t\t<section class=\"elementor-section elementor-top-section elementor-element elementor-element-d5dd079 elementor-section-boxed elementor-section-height-default elementor-section-height-default\" data-id=\"d5dd079\" data-element_type=\"section\">\n\t\t\t\t\t\t<div class=\"elementor-container elementor-column-gap-default\">\n\t\t\t\t\t\t\t<div class=\"elementor-row\">\n\t\t\t\t\t<div class=\"elementor-column elementor-col-100 elementor-top-column elementor-element elementor-element-e11afb7\" data-id=\"e11afb7\" data-element_type=\"column\">\n\t\t\t<div class=\"elementor-column-wrap elementor-element-populated\">\n\t\t\t\t\t\t\t<div class=\"elementor-widget-wrap\">\n\t\t\t\t\t\t<div class=\"elementor-element elementor-element-1743d62 elementor-drop-cap-yes elementor-drop-cap-view-default elementor-widget elementor-widget-text-editor\" data-id=\"1743d62\" data-element_type=\"widget\" data-settings=\"{&quot;drop_cap&quot;:&quot;yes&quot;}\" data-widget_type=\"text-editor.default\">\n\t\t\t\t<div class=\"elementor-widget-container\">\n\t\t\t\t\t\t\t\t<div class=\"elementor-text-editor elementor-clearfix\">\n\t\t\t\t<p>BOQUINHAS\u00ae se preocupa com sua privacidade e temos o compromisso de preserv\u00e1-la.\u00a0<\/p><p>Assim, al\u00e9m de aceitar os Termos de Uso de BOQUINHAS\u00ae, voc\u00ea precisa conhecer e estar de acordo com nossa Pol\u00edtica de Privacidade, que possui informa\u00e7\u00f5es claras e completas sobre coleta, uso, armazenamento, tratamento e prote\u00e7\u00e3o de seus dados pessoais.<\/p><p>Portanto, recomendamos veementemente que voc\u00ea leia com aten\u00e7\u00e3o a Pol\u00edtica de Privacidade antes de se cadastrar ou mesmo navegar nos sites de BOQUINHAS\u00ae.<\/p>\t\t\t\t\t<\/div>\n\t\t\t\t\t\t<\/div>\n\t\t\t\t<\/div>\n\t\t\t\t<div class=\"elementor-element elementor-element-c3db047 elementor-widget-divider--view-line elementor-widget elementor-widget-divider\" data-id=\"c3db047\" data-element_type=\"widget\" data-widget_type=\"divider.default\">\n\t\t\t\t<div class=\"elementor-widget-container\">\n\t\t\t\t\t<div class=\"elementor-divider\">\n\t\t\t<span class=\"elementor-divider-separator\">\n\t\t\t\t\t\t<\/span>\n\t\t<\/div>\n\t\t\t\t<\/div>\n\t\t\t\t<\/div>\n\t\t\t\t\t\t<\/div>\n\t\t\t\t\t<\/div>\n\t\t<\/div>\n\t\t\t\t\t\t\t\t<\/div>\n\t\t\t\t\t<\/div>\n\t\t<\/section>\n\t\t\t\t<section class=\"elementor-section elementor-top-section elementor-element elementor-element-860240e elementor-section-boxed elementor-section-height-default elementor-section-height-default\" data-id=\"860240e\" data-element_type=\"section\">\n\t\t\t\t\t\t<div class=\"elementor-container elementor-column-gap-default\">\n\t\t\t\t\t\t\t<div class=\"elementor-row\">\n\t\t\t\t\t<div class=\"elementor-column elementor-col-100 elementor-top-column elementor-element elementor-element-acb8291\" data-id=\"acb8291\" data-element_type=\"column\">\n\t\t\t<div class=\"elementor-column-wrap elementor-element-populated\">\n\t\t\t\t\t\t\t<div class=\"elementor-widget-wrap\">\n\t\t\t\t\t\t<div class=\"elementor-element elementor-element-f3b01a1 elementor-widget elementor-widget-alert\" data-id=\"f3b01a1\" data-element_type=\"widget\" data-widget_type=\"alert.default\">\n\t\t\t\t<div class=\"elementor-widget-container\">\n\t\t\t\t\t<div class=\"elementor-alert elementor-alert-info\" role=\"alert\">\n\t\t\t<span class=\"elementor-alert-title\">Defini\u00e7\u00f5es<\/span>\n\t\t\t\t\t\t\t<span class=\"elementor-alert-description\"><br\/>As express\u00f5es contidas no item DEFINI\u00c7\u00d5ES dos Termos de Uso s\u00e3o empregadas nesta Pol\u00edtica de Privacidade com o mesmo significado.<br\/><br\/>\n\n<ul><li>\nSempre que as express\u00f5es abaixo forem usadas em letra mai\u00fascula nesta Pol\u00edtica de Privacidade, elas ter\u00e3o o significado contido na legisla\u00e7\u00e3o em vigor\u00b9, reproduzida abaixo para pronta refer\u00eancia:<\/li>\n\n<li>Dados Cadastrais \u2013 a filia\u00e7\u00e3o, o endere\u00e7o (inclusive o endere\u00e7o eletr\u00f4nico), e a qualifica\u00e7\u00e3o pessoal, entendida como nome, sobrenome, estado civil e profiss\u00e3o do Usu\u00e1rio.<\/li>\n\n<li>Dados Pessoais \u2013 dados relacionados \u00e0 pessoa natural. S\u00e3o todos os dados que possam ser usados direta ou indiretamente para identificar uma pessoa, por exemplo: nome, fotos, e-mail, dados banc\u00e1rios, geolocaliza\u00e7\u00e3o, telefones, postagens em redes sociais, endere\u00e7o de IP, etc.<\/li>\n\n<li>Tratamento de Dados Pessoais - toda opera\u00e7\u00e3o realizada com dados pessoais, como as que se referem a coleta, produ\u00e7\u00e3o, recep\u00e7\u00e3o, classifica\u00e7\u00e3o, utiliza\u00e7\u00e3o, acesso, reprodu\u00e7\u00e3o, transmiss\u00e3o, distribui\u00e7\u00e3o, processamento, arquivamento, armazenamento, elimina\u00e7\u00e3o, avalia\u00e7\u00e3o ou controle da informa\u00e7\u00e3o, modifica\u00e7\u00e3o, comunica\u00e7\u00e3o, transfer\u00eancia, difus\u00e3o ou extra\u00e7\u00e3o<\/li>\n\n<\/ul><\/span>\n\t\t\t\t\t\t\t\t\t\t<button type=\"button\" class=\"elementor-alert-dismiss\">\n\t\t\t\t\t<span aria-hidden=\"true\">&times;<\/span>\n\t\t\t\t\t<span class=\"elementor-screen-only\">Dispensar alerta<\/span>\n\t\t\t\t<\/button>\n\t\t\t\t\t<\/div>\n\t\t\t\t<\/div>\n\t\t\t\t<\/div>\n\t\t\t\t<div class=\"elementor-element elementor-element-ff8645b elementor-widget elementor-widget-text-editor\" data-id=\"ff8645b\" data-element_type=\"widget\" data-widget_type=\"text-editor.default\">\n\t\t\t\t<div class=\"elementor-widget-container\">\n\t\t\t\t\t\t\t\t<div class=\"elementor-text-editor elementor-clearfix\">\n\t\t\t\t<p><strong>COLETA DE DADOS PESSOAIS E INFORMA\u00c7\u00d5ES<\/strong><\/p><p>Primeiramente,\u00a0\u00e9 importante que voc\u00ea saiba e concorde expressamente com a possibilidade de BOQUINHAS\u00ae coletar, receber e armazenar, automaticamente, Dados Pessoais e informa\u00e7\u00f5es em seus servidores sobre as atividades advindas do navegador dos usu\u00e1rios, incluindo geolocaliza\u00e7\u00e3o, endere\u00e7os IP, cookies, ou outras sequ\u00eancias de caracteres identificadores, e ainda informa\u00e7\u00f5es sobre as transa\u00e7\u00f5es efetuadas por meio de sua Loja Virtual, Site ou Blog.<\/p><p>Al\u00e9m disso, vale lembrar que, para adquirir qualquer produto ou servi\u00e7o oferecidos por BOQUINHAS\u00ae, voc\u00ea dever\u00e1 efetuar, obrigatoriamente,\u00a0 um cadastro e, para tanto, informar nome completo, data de nascimento, documento de identifica\u00e7\u00e3o (RG, CPF e\/ou CNPJ), telefone, endere\u00e7o e endere\u00e7o eletr\u00f4nico, bem como criar uma senha de acesso que ser\u00e1 de seu conhecimento exclusivo. No caso do Blog ou Site, o cadastramento do e-mail \u00e9 de forma espont\u00e2nea, afim de recebimento de correspond\u00eancias ou not\u00edcias de BOQUINHAS\u00ae.<\/p><p>Voc\u00ea est\u00e1\u00a0<strong>ciente que \u00e9 de sua responsabilidade fornecer informa\u00e7\u00f5es verdadeiras, exatas, atuais e completas<\/strong>\u00a0quando for realizar seu cadastro para acesso \u00e0 Loja Virtual.\u00a0<em>Lembramos que a indica\u00e7\u00e3o de dados incompletos ou falsos \u00e9 crime tipificado em lei e pode acarretar puni\u00e7\u00f5es severas a quem as fornecer.<\/em><br \/><br \/><br \/><\/p><p><strong>2)\u00a0\u00a0\u00a0CONTROLE DOS DADOS CADASTRAIS PELOS USU\u00c1RIOS<\/strong><\/p><p>Cada usu\u00e1rio tem controle sobre os Dados Cadastrais constantes no perfil criado em BOQUINHAS\u00ae, podendo acess\u00e1-los e alter\u00e1-los mediante o uso de seu login e senha. Lembramos que o login e a senha s\u00e3o individuais e conhecidos apenas pelo pr\u00f3prio usu\u00e1rio que dever\u00e1 zelar pelo sigilo desses dados.\u00a0 BOQUINHAS\u00ae n\u00e3o se responsabiliza pela forma como estes dados s\u00e3o usados pelo Usu\u00e1rio. Os usu\u00e1rios poder\u00e3o atualizar seus dados cadastrais junto a BOQUINHAS\u00ae atrav\u00e9s da Loja Virtual, no caso de cadastros originados naquele ambiente. Em se tratando do Site e Blog, dever\u00e1 ser feito um novo cadastro.<\/p><p><br \/><br \/><\/p><p><strong>3) COLETA E USO DOS DADOS PESSOAIS E INFORMA\u00c7\u00d5ES COLETADAS<\/strong><\/p><p>Os Dados Pessoais e Cadastrais coletados, bem como quaisquer outras informa\u00e7\u00f5es coletadas, poder\u00e3o ser usados para fins de comunica\u00e7\u00e3o da nossa equipe com voc\u00ea, a partir de envio de emails ou malas diretas.<\/p><p>Al\u00e9m disso, os Dados Pessoais e Cadastrais coletados, bem como quaisquer outras informa\u00e7\u00f5es e registros de acesso \u00e0s ferramentas de BOQUINHAS\u00ae, poder\u00e3o ser armazenados, tratados, processados e utilizados por n\u00f3s com as seguintes finalidades:<\/p><p>(i) possibilitar a presta\u00e7\u00e3o dos servi\u00e7os ofertados por BOQUINHAS\u00ae de forma eficaz e eficiente, permitindo a sua operacionaliza\u00e7\u00e3o de maneira \u00e1gil e segura;<\/p><p>(ii) realizar an\u00e1lises e estudos relacionados ao comportamento, interesse e demografia dos Usu\u00e1rios, a fim de entender suas demandas e necessidades, para, dessa forma, prover servi\u00e7os mais adequados, eficientes e interessantes, melhorando a experi\u00eancia de usabilidade das ferramentas, servi\u00e7os e produtos de BOQUINHAS\u00ae;<\/p><p>(iii) aperfei\u00e7oar nossas estrat\u00e9gias comerciais e de marketing objetivando aprimorar os servi\u00e7os ofertados;<\/p><p>(iv) enviar aos Usu\u00e1rios, atrav\u00e9s de mensagens, informa\u00e7\u00f5es relativas aos produtos, servi\u00e7os, publicidade, promo\u00e7\u00f5es, banners e not\u00edcias de BOQUINHAS\u00ae.<\/p><p>A qualquer momento voc\u00ea poder\u00e1 solicitar que o excluam das listas para o envio de mensagens promocionais ou publicit\u00e1rias.<\/p><p>Para informa\u00e7\u00f5es mais detalhadas sobre a coleta de dados e uso de cookies e ferramentas similares, acesse nossa\u00a0<a href=\"\/politica-de-cookies\">Pol\u00edtica de Cookies.<\/a><\/p><p><br \/><br \/><\/p><p><strong>4) ARMAZENAMENTO E PROTE\u00c7\u00c3O DOS DADOS PESSOAIS COLETADOS<\/strong><\/p><p>Todos os Dados Pessoais dos usu\u00e1rios obtidos no momento da navega\u00e7\u00e3o, do cadastro em BOQUINHAS\u00ae, da utiliza\u00e7\u00e3o do Site, Loja ou Blog, ou em qualquer outro momento de contato\/comunica\u00e7\u00e3o entre o usu\u00e1rio e a Plataforma, ser\u00e3o armazenados em nossa base de dados, pelo prazo m\u00ednimo de 06 (seis) meses ou por prazo maior, desde que definido por ordem judicial e ou administrativa, nos termos da legisla\u00e7\u00e3o em vigor, ou para fins leg\u00edtimos de desenvolvimento e oferecimento de servi\u00e7os aos usu\u00e1rios.<\/p><p>Os Dados Pessoais informados \u00e0 BOQUINHAS\u00ae ou por outro modo coletados por BOQUINHAS\u00ae ser\u00e3o armazenados em bancos de dados seguros, com acesso restrito apenas a funcion\u00e1rios com as devidas credenciais, os quais s\u00e3o obrigados a manter a confidencialidade das informa\u00e7\u00f5es e n\u00e3o as utilizar inadequadamente.<\/p><p>BOQUINHAS\u00ae poder\u00e1 armazenar e tratar os Dados Pessoais coletados e demais informa\u00e7\u00f5es coletadas em um servidor localizado no Brasil ou no exterior.<\/p><p><br \/><br \/><\/p><p><strong>5) DIVULGA\u00c7\u00c3O A TERCEIROS DOS DADOS CADASTRAIS E PESSOAIS COLETADOS<\/strong><\/p><p>Voc\u00ea concorda que, na tentativa de evitar atividades ilegais, em casos de suspeita de fraude, disputas, reclama\u00e7\u00e3o quanto aos produtos e servi\u00e7os ou qualquer ind\u00edcio de il\u00edcito cometido pelos Usu\u00e1rios, incluindo dissemina\u00e7\u00e3o de SPAM e situa\u00e7\u00f5es envolvendo amea\u00e7as em potencial \u00e0 seguran\u00e7a f\u00edsica de algu\u00e9m, os Dados Pessoais e Cadastrais dos Usu\u00e1rios envolvidos poder\u00e3o ser fornecidos aos prejudicados. Em determinados casos, se considerar necess\u00e1rio, BOQUINHAS\u00ae poder\u00e1 fornecer os dados coletados aos \u00f3rg\u00e3os e entidades que intervenham na investiga\u00e7\u00e3o ou na resolu\u00e7\u00e3o de disputas entre Usu\u00e1rios ou entre Usu\u00e1rios e terceiros, tais como: seguradoras, ju\u00edzos arbitrais, e demais \u00f3rg\u00e3os administrativos competentes.<\/p><p>Voc\u00ea concorda que BOQUINHAS\u00ae poder\u00e1 compartilhar, com seus Parceiros e Franqueados, os dados pessoais e cadastrais do Comprador, como e-mail, nome completo, documento de identifica\u00e7\u00e3o, (RG, CPF ou CNPJ), data de nascimento, telefone e endere\u00e7o domiciliar.<\/p><p>Voc\u00ea concorda, tamb\u00e9m, que BOQUINHAS\u00ae poder\u00e1 compartilhar os Dados Pessoais e Cadastrais coletados com os provedores de servi\u00e7os terceirizados de BOQUINHAS\u00ae , a fim de permitir o desenvolvimento de suas respectivas atividades e possibilitar a melhoria dos servi\u00e7os e opera\u00e7\u00f5es de seus sites, como por exemplo, mas sem se limitar, a servi\u00e7os de: backup de dados, servi\u00e7os de preven\u00e7\u00e3o de fraude, provedores de servi\u00e7os de e-mail e bancos de dados, emiss\u00e3o de notas fiscais, entre outros. Nesse caso, BOQUINHAS\u00ae exige de todos os prestadores de servi\u00e7os com os quais compartilha os Dados Pessoais de usu\u00e1rios, que incluam em seus contratos disposi\u00e7\u00f5es que garantam a devida prote\u00e7\u00e3o, sigilo e confidencialidade no processamento dos dados.<\/p><p>Voc\u00ea concorda, ainda, que, em eventual opera\u00e7\u00e3o societ\u00e1ria que envolva a reestrutura\u00e7\u00e3o da Empresa\u00a0<strong>BOQUINHAS\u00ae,<\/strong>\u00a0bem como a aquisi\u00e7\u00e3o e\/ou venda de ativos, os Dados Pessoais coletados poder\u00e3o ser considerados um dos ativos comerciais a serem transferidos. Nesses casos, BOQUINHAS\u00ae poder\u00e1 transferir os Dados Pessoais e Cadastrais dos Usu\u00e1rios se for adquirida por, ou se houver fus\u00e3o com outra(s) empresa(s).<\/p><p>Exclu\u00eddas as hip\u00f3teses mencionadas nessa Pol\u00edtica de Privacidade, os Dados Pessoais e Cadastrais, coletados diretamente pela Plataforma, bem como os registros de acesso \u00e0 Plataforma (endere\u00e7o de IP, data, hora e fuso hor\u00e1rio) e os dados referentes \u00e0s transa\u00e7\u00f5es realizadas por meio da Loja Virtual, somente poder\u00e3o ser revelados a terceiros nas seguintes hip\u00f3teses:<\/p><ul><li>\u00a0\u00a0\u00a0\u00a0\u00a0\u00a0\u00a0\u00a0 A pedido ou por autoriza\u00e7\u00e3o espec\u00edfica do pr\u00f3prio Usu\u00e1rio;<\/li><li>\u00a0\u00a0\u00a0\u00a0\u00a0\u00a0\u00a0\u00a0 Em cumprimento de ordem judicial.<\/li><\/ul><p><br \/><br \/><\/p><p><strong>6) MANUTEN\u00c7\u00c3O DOS DADOS CADASTRAIS E PESSOAIS AP\u00d3S A EXCLUS\u00c3O DA CONTA<\/strong><\/p><p>Voc\u00ea poder\u00e1 excluir sua conta junto \u00e0 BOQUINHAS\u00ae a qualquer momento, acessando as Configura\u00e7\u00f5es da Loja Virtual, sendo ineficaz a utiliza\u00e7\u00e3o de qualquer outro meio para atingir tal objetivo. Havendo a solicita\u00e7\u00e3o do Usu\u00e1rio, BOQUINHAS\u00ae proceder\u00e1 a exclus\u00e3o definitiva de Dados Cadastrais fornecidos pelo Usu\u00e1rio ao longo da rela\u00e7\u00e3o com a BOQUINHAS\u00ae, no prazo m\u00e1ximo de 5 dias. Os registros de acesso (IP\u00b4s), se existentes, ser\u00e3o descartados \u00e0 medida que completarem 180 dias de guarda, nos termos da legisla\u00e7\u00e3o vigente.<\/p><p><br \/><br \/><\/p><p><strong>7) SPAM<\/strong><\/p><p>Somos contra toda e qualquer pr\u00e1tica que promova SPAM de qualquer esp\u00e9cie e temos o compromisso de assegurar que as mensagens enviadas pela Plataforma s\u00e3o sempre de interesse ou import\u00e2ncia para os respectivos destinat\u00e1rios. Al\u00e9m disso, a qualquer momento o usu\u00e1rio pode tamb\u00e9m optar por parar de receber e-mails de BOQUINHAS\u00ae ajustando suas prefer\u00eancias para recebimento de e-mails ou cancelando sua conta, como mencionado acima.<\/p><p>Da mesma forma, cobramos de nossos usu\u00e1rios que n\u00e3o pratiquem SPAM, que se certifiquem que as mensagens enviadas sejam sempre de interesse do destinat\u00e1rio, estando, desde j\u00e1, cientes de que a n\u00e3o observ\u00e2ncia das boas pr\u00e1ticas da Internet poder\u00e1 gerar o cancelamento da conta do Usu\u00e1rio infrator na Plataforma BOQUINHAS\u00ae, conforme definido nos Termos de Uso, bem como a revela\u00e7\u00e3o dos dados cadastrais, nos termos desta Pol\u00edtica de Privacidade.<\/p><p><br \/><br \/><\/p><p><strong>8) ALTERA\u00c7\u00d5ES DESTA POL\u00cdTICA DE PRIVACIDADE<\/strong><\/p><p>BOQUINHAS\u00ae se reserva o direito de, a qualquer momento, alterar esta Pol\u00edtica de Privacidade atualizando seu conte\u00fado conforme as necessidades de aperfei\u00e7oamento tecnol\u00f3gico ou de suas funcionalidades.<\/p><p>Quando houver altera\u00e7\u00e3o na Pol\u00edtica de Privacidade, BOQUINHAS\u00ae comunicar\u00e1 seus usu\u00e1rios por email ou em publica\u00e7\u00e3o em \u00e1rea de destaque no Site, Blog ou Loja Virtual e solicitar\u00e1 a manifesta\u00e7\u00e3o de sua concord\u00e2ncia com a Pol\u00edtica de Privacidade alterada.<\/p><p>Caso voc\u00ea continue a utilizar as ferramentas oferecidas por BOQUINHAS\u00ae ap\u00f3s a comunica\u00e7\u00e3o da altera\u00e7\u00e3o da Pol\u00edtica de Privacidade, isto significar\u00e1 e ser\u00e1 considerado como seu consentimento inequ\u00edvoco e aceita\u00e7\u00e3o irrevog\u00e1vel e irretrat\u00e1vel de todos os termos e condi\u00e7\u00f5es contidos na Pol\u00edtica de Privacidade alterada.<\/p><p>Para esclarecimentos e mais informa\u00e7\u00f5es sobre esta Pol\u00edtica de Privacidade entre em contato conosco pelo e-mail\u00a0<strong>contato@metododasboquinhas.com.br<\/strong>, incluindo no t\u00edtulo da mensagem a seguinte frase: \u201cPol\u00edtica de Privacidade\u201d.<\/p>\t\t\t\t\t<\/div>\n\t\t\t\t\t\t<\/div>\n\t\t\t\t<\/div>\n\t\t\t\t\t\t<\/div>\n\t\t\t\t\t<\/div>\n\t\t<\/div>\n\t\t\t\t\t\t\t\t<\/div>\n\t\t\t\t\t<\/div>\n\t\t<\/section>\n\t\t\t\t<section class=\"elementor-section elementor-top-section elementor-element elementor-element-a7e1fb8 elementor-section-boxed elementor-section-height-default elementor-section-height-default\" data-id=\"a7e1fb8\" data-element_type=\"section\">\n\t\t\t\t\t\t<div class=\"elementor-container elementor-column-gap-default\">\n\t\t\t\t\t\t\t<div class=\"elementor-row\">\n\t\t\t\t\t<div class=\"elementor-column elementor-col-100 elementor-top-column elementor-element elementor-element-ed5793f\" data-id=\"ed5793f\" data-element_type=\"column\">\n\t\t\t<div class=\"elementor-column-wrap elementor-element-populated\">\n\t\t\t\t\t\t\t<div class=\"elementor-widget-wrap\">\n\t\t\t\t\t\t<div class=\"elementor-element elementor-element-688db50 elementor-widget elementor-widget-alert\" data-id=\"688db50\" data-element_type=\"widget\" data-widget_type=\"alert.default\">\n\t\t\t\t<div class=\"elementor-widget-container\">\n\t\t\t\t\t<div class=\"elementor-alert elementor-alert-info\" role=\"alert\">\n\t\t\t<span class=\"elementor-alert-title\">Defini\u00e7\u00e3o<\/span>\n\t\t\t\t\t\t\t<span class=\"elementor-alert-description\">[1] Os cookies s\u00e3o arquivos de internet que armazenam temporariamente o que o internauta est\u00e1 visitando na rede.<br\/>\n\n[2] Orienta\u00e7\u00f5es internacionais de prote\u00e7\u00e3o ao usu\u00e1rio digital, GDPR, General Data Protection Regulation.<\/span>\n\t\t\t\t\t\t\t\t\t\t<button type=\"button\" class=\"elementor-alert-dismiss\">\n\t\t\t\t\t<span aria-hidden=\"true\">&times;<\/span>\n\t\t\t\t\t<span class=\"elementor-screen-only\">Dispensar alerta<\/span>\n\t\t\t\t<\/button>\n\t\t\t\t\t<\/div>\n\t\t\t\t<\/div>\n\t\t\t\t<\/div>\n\t\t\t\t\t\t<\/div>\n\t\t\t\t\t<\/div>\n\t\t<\/div>\n\t\t\t\t\t\t\t\t<\/div>\n\t\t\t\t\t<\/div>\n\t\t<\/section>\n\t\t\t\t\t\t<\/div>\n\t\t\t\t\t\t<\/div>\n\t\t\t\t\t<\/div>\n\t\t","protected":false},"excerpt":{"rendered":"<p>Pol\u00edtica de Privacidade BOQUINHAS\u00ae se preocupa com sua privacidade e temos o compromisso de preserv\u00e1-la.\u00a0 Assim, al\u00e9m de aceitar os Termos de Uso de BOQUINHAS\u00ae, voc\u00ea precisa conhecer e estar de acordo com nossa Pol\u00edtica de Privacidade, que possui informa\u00e7\u00f5es claras e completas sobre coleta, uso, armazenamento, tratamento e prote\u00e7\u00e3o de seus dados pessoais. Portanto, [&hellip;]<\/p>\n","protected":false},"author":8,"featured_media":0,"parent":0,"menu_order":0,"comment_status":"closed","ping_status":"closed","template":"page-templates\/template_page-builder.php","meta":{"_joinchat":[],"footnotes":""},"_links":{"self":[{"href":"https:\/\/metododasboquinhas.com.br\/novo\/wp-json\/wp\/v2\/pages\/1439"}],"collection":[{"href":"https:\/\/metododasboquinhas.com.br\/novo\/wp-json\/wp\/v2\/pages"}],"about":[{"href":"https:\/\/metododasboquinhas.com.br\/novo\/wp-json\/wp\/v2\/types\/page"}],"author":[{"embeddable":true,"href":"https:\/\/metododasboquinhas.com.br\/novo\/wp-json\/wp\/v2\/users\/8"}],"replies":[{"embeddable":true,"href":"https:\/\/metododasboquinhas.com.br\/novo\/wp-json\/wp\/v2\/comments?post=1439"}],"version-history":[{"count":5,"href":"https:\/\/metododasboquinhas.com.br\/novo\/wp-json\/wp\/v2\/pages\/1439\/revisions"}],"predecessor-version":[{"id":8621,"href":"https:\/\/metododasboquinhas.com.br\/novo\/wp-json\/wp\/v2\/pages\/1439\/revisions\/8621"}],"wp:attachment":[{"href":"https:\/\/metododasboquinhas.com.br\/novo\/wp-json\/wp\/v2\/media?parent=1439"}],"curies":[{"name":"wp","href":"https:\/\/api.w.org\/{rel}","templated":true}]}}