{"id":1465,"date":"2019-03-25T09:54:13","date_gmt":"2019-03-25T12:54:13","guid":{"rendered":"http:\/\/mdb.bbshop.com.br\/?page_id=1465"},"modified":"2021-09-13T10:31:12","modified_gmt":"2021-09-13T13:31:12","slug":"noticias","status":"publish","type":"page","link":"https:\/\/metododasboquinhas.com.br\/novo\/noticias\/","title":{"rendered":"Not\u00edcias"},"content":{"rendered":"\t\t<div data-elementor-type=\"wp-post\" data-elementor-id=\"1465\" class=\"elementor elementor-1465\" data-elementor-settings=\"[]\">\n\t\t\t\t\t\t<div class=\"elementor-inner\">\n\t\t\t\t\t\t\t<div class=\"elementor-section-wrap\">\n\t\t\t\t\t\t\t<section class=\"elementor-section elementor-top-section elementor-element elementor-element-d10ca67 elementor-section-height-min-height elementor-section-items-bottom elementor-section-boxed elementor-section-height-default\" data-id=\"d10ca67\" data-element_type=\"section\" data-settings=\"{&quot;background_background&quot;:&quot;classic&quot;,&quot;shape_divider_bottom&quot;:&quot;mountains&quot;}\">\n\t\t\t\t\t<div class=\"elementor-shape elementor-shape-bottom\" data-negative=\"false\">\n\t\t\t<svg xmlns=\"http:\/\/www.w3.org\/2000\/svg\" viewBox=\"0 0 1000 100\" preserveAspectRatio=\"none\">\n\t<path class=\"elementor-shape-fill\" opacity=\"0.33\" d=\"M473,67.3c-203.9,88.3-263.1-34-320.3,0C66,119.1,0,59.7,0,59.7V0h1000v59.7 c0,0-62.1,26.1-94.9,29.3c-32.8,3.3-62.8-12.3-75.8-22.1C806,49.6,745.3,8.7,694.9,4.7S492.4,59,473,67.3z\"\/>\n\t<path class=\"elementor-shape-fill\" opacity=\"0.66\" d=\"M734,67.3c-45.5,0-77.2-23.2-129.1-39.1c-28.6-8.7-150.3-10.1-254,39.1 s-91.7-34.4-149.2,0C115.7,118.3,0,39.8,0,39.8V0h1000v36.5c0,0-28.2-18.5-92.1-18.5C810.2,18.1,775.7,67.3,734,67.3z\"\/>\n\t<path class=\"elementor-shape-fill\" d=\"M766.1,28.9c-200-57.5-266,65.5-395.1,19.5C242,1.8,242,5.4,184.8,20.6C128,35.8,132.3,44.9,89.9,52.5C28.6,63.7,0,0,0,0 h1000c0,0-9.9,40.9-83.6,48.1S829.6,47,766.1,28.9z\"\/>\n<\/svg>\t\t<\/div>\n\t\t\t\t\t<div class=\"elementor-container elementor-column-gap-no\">\n\t\t\t\t\t\t\t<div class=\"elementor-row\">\n\t\t\t\t\t<div class=\"elementor-column elementor-col-100 elementor-top-column elementor-element elementor-element-1ff479c\" data-id=\"1ff479c\" data-element_type=\"column\">\n\t\t\t<div class=\"elementor-column-wrap elementor-element-populated\">\n\t\t\t\t\t\t\t<div class=\"elementor-widget-wrap\">\n\t\t\t\t\t\t<div class=\"elementor-element elementor-element-2f8bf49 elementor-widget__width-auto elementor-widget-tablet__width-inherit elementor-invisible elementor-widget elementor-widget-heading\" data-id=\"2f8bf49\" data-element_type=\"widget\" data-settings=\"{&quot;_animation&quot;:&quot;fadeInDown&quot;}\" data-widget_type=\"heading.default\">\n\t\t\t\t<div class=\"elementor-widget-container\">\n\t\t\t<h1 class=\"elementor-heading-title elementor-size-default\">Not\u00edcias<\/h1>\t\t<\/div>\n\t\t\t\t<\/div>\n\t\t\t\t\t\t<\/div>\n\t\t\t\t\t<\/div>\n\t\t<\/div>\n\t\t\t\t\t\t\t\t<\/div>\n\t\t\t\t\t<\/div>\n\t\t<\/section>\n\t\t\t\t<section class=\"elementor-section elementor-top-section elementor-element elementor-element-d14545c elementor-section-boxed elementor-section-height-default elementor-section-height-default\" data-id=\"d14545c\" data-element_type=\"section\">\n\t\t\t\t\t\t<div class=\"elementor-container elementor-column-gap-default\">\n\t\t\t\t\t\t\t<div class=\"elementor-row\">\n\t\t\t\t\t<div class=\"elementor-column elementor-col-66 elementor-top-column elementor-element elementor-element-6131b19\" data-id=\"6131b19\" data-element_type=\"column\">\n\t\t\t<div class=\"elementor-column-wrap elementor-element-populated\">\n\t\t\t\t\t\t\t<div class=\"elementor-widget-wrap\">\n\t\t\t\t\t\t<div class=\"elementor-element elementor-element-e155528 elementor-grid-1 elementor-grid-tablet-2 elementor-grid-mobile-1 elementor-posts--thumbnail-top elementor-posts--show-avatar elementor-card-shadow-yes elementor-posts__hover-gradient elementor-widget elementor-widget-posts\" data-id=\"e155528\" data-element_type=\"widget\" data-settings=\"{&quot;cards_columns&quot;:&quot;1&quot;,&quot;pagination_type&quot;:&quot;numbers_and_prev_next&quot;,&quot;cards_columns_tablet&quot;:&quot;2&quot;,&quot;cards_columns_mobile&quot;:&quot;1&quot;,&quot;cards_row_gap&quot;:{&quot;unit&quot;:&quot;px&quot;,&quot;size&quot;:35,&quot;sizes&quot;:[]},&quot;cards_row_gap_tablet&quot;:{&quot;unit&quot;:&quot;px&quot;,&quot;size&quot;:&quot;&quot;,&quot;sizes&quot;:[]},&quot;cards_row_gap_mobile&quot;:{&quot;unit&quot;:&quot;px&quot;,&quot;size&quot;:&quot;&quot;,&quot;sizes&quot;:[]}}\" data-widget_type=\"posts.cards\">\n\t\t\t\t<div class=\"elementor-widget-container\">\n\t\t\t\t\t<div class=\"elementor-posts-container elementor-posts elementor-posts--skin-cards elementor-grid\">\n\t\t\t\t<article class=\"elementor-post elementor-grid-item post-10414 post type-post status-publish format-standard hentry category-noticias\">\n\t\t\t<div class=\"elementor-post__card\">\n\t\t\t\t<div class=\"elementor-post__text\">\n\t\t\t\t<h3 class=\"elementor-post__title\">\n\t\t\t<a href=\"https:\/\/metododasboquinhas.com.br\/novo\/jogo-remata-de-boquinhas\/\" >\n\t\t\t\tJogo Remata de Boquinhas\t\t\t<\/a>\n\t\t<\/h3>\n\t\t\t\t<div class=\"elementor-post__excerpt\">\n\t\t\t<p>Jogo Remata de Boquinhas Descarte obedecendo a cor ou a letra\/boca da carta, falando uma palavra que tenha essa letra. Ideal para fixa\u00e7\u00e3o da alfabetiza\u00e7\u00e3o<\/p>\n\t\t<\/div>\n\t\t\t\t\t<a class=\"elementor-post__read-more\" href=\"https:\/\/metododasboquinhas.com.br\/novo\/jogo-remata-de-boquinhas\/\" >\n\t\t\t\tLeia mais \u00bb\t\t\t<\/a>\n\t\t\t\t<\/div>\n\t\t\t\t<div class=\"elementor-post__meta-data\">\n\t\t\t\t\t<span class=\"elementor-post-author\">\n\t\t\tagencia M\t\t<\/span>\n\t\t\t\t<span class=\"elementor-post-date\">\n\t\t\t4 de outubro de 2021\t\t<\/span>\n\t\t\t\t<span class=\"elementor-post-time\">\n\t\t\t14:04\t\t<\/span>\n\t\t\t\t<\/div>\n\t\t\t\t\t<\/div>\n\t\t<\/article>\n\t\t\t\t<article class=\"elementor-post elementor-grid-item post-8631 post type-post status-publish format-standard has-post-thumbnail hentry category-noticias\">\n\t\t\t<div class=\"elementor-post__card\">\n\t\t\t\t<a class=\"elementor-post__thumbnail__link\" href=\"https:\/\/metododasboquinhas.com.br\/novo\/a-equipe-boquinhas-parabeniza-os-novos-multiplicadores-2021\/\" ><div class=\"elementor-post__thumbnail\"><img decoding=\"async\" src=\"https:\/\/metododasboquinhas.com.br\/novo\/wp-content\/uploads\/2021\/08\/IMG-20210825-WA0035-750x375.jpg\" title=\"IMG-20210825-WA0035\" alt=\"IMG-20210825-WA0035\" \/><\/div><\/a>\n\t\t\t\t<div class=\"elementor-post__badge\">Not\u00edcias<\/div>\n\t\t\t\t<div class=\"elementor-post__avatar\">\n\t\t\t<img alt='Ailson Oliveira' src='https:\/\/secure.gravatar.com\/avatar\/e365a814486fcfe852f1aef0c30ee0a1?s=128&#038;d=mm&#038;r=g' srcset='https:\/\/secure.gravatar.com\/avatar\/e365a814486fcfe852f1aef0c30ee0a1?s=256&#038;d=mm&#038;r=g 2x' class='avatar avatar-128 photo' height='128' width='128' \/>\t\t<\/div>\n\t\t\t\t<div class=\"elementor-post__text\">\n\t\t\t\t<h3 class=\"elementor-post__title\">\n\t\t\t<a href=\"https:\/\/metododasboquinhas.com.br\/novo\/a-equipe-boquinhas-parabeniza-os-novos-multiplicadores-2021\/\" >\n\t\t\t\tA Equipe Boquinhas parabeniza os novos Multiplicadores 2021\t\t\t<\/a>\n\t\t<\/h3>\n\t\t\t\t<div class=\"elementor-post__excerpt\">\n\t\t\t<p>A Equipe Boquinhas ficou maior nesta semana! No dia 25 de agosto tivemos a formatura de mais uma turma de Multiplicadores de Boquinhas. S\u00e3o eles,<\/p>\n\t\t<\/div>\n\t\t\t\t\t<a class=\"elementor-post__read-more\" href=\"https:\/\/metododasboquinhas.com.br\/novo\/a-equipe-boquinhas-parabeniza-os-novos-multiplicadores-2021\/\" >\n\t\t\t\tLeia mais \u00bb\t\t\t<\/a>\n\t\t\t\t<\/div>\n\t\t\t\t<div class=\"elementor-post__meta-data\">\n\t\t\t\t\t<span class=\"elementor-post-author\">\n\t\t\tAilson Oliveira\t\t<\/span>\n\t\t\t\t<span class=\"elementor-post-date\">\n\t\t\t27 de agosto de 2021\t\t<\/span>\n\t\t\t\t<span class=\"elementor-post-time\">\n\t\t\t16:24\t\t<\/span>\n\t\t\t\t<\/div>\n\t\t\t\t\t<\/div>\n\t\t<\/article>\n\t\t\t\t<article class=\"elementor-post elementor-grid-item post-8627 post type-post status-publish format-standard has-post-thumbnail hentry category-noticias\">\n\t\t\t<div class=\"elementor-post__card\">\n\t\t\t\t<a class=\"elementor-post__thumbnail__link\" href=\"https:\/\/metododasboquinhas.com.br\/novo\/curso-boquinhas-na-pratica-completo-7-modulos-ja-disponivel-na-loja-boquinhas\/\" ><div class=\"elementor-post__thumbnail\"><img decoding=\"async\" src=\"https:\/\/metododasboquinhas.com.br\/novo\/wp-content\/uploads\/2021\/08\/logo-PR\u00c1TICA-todos-m\u00f3dulos-750x375.png\" title=\"logo PR\u00c1TICA todos m\u00f3dulos\" alt=\"logo PR\u00c1TICA todos m\u00f3dulos\" \/><\/div><\/a>\n\t\t\t\t<div class=\"elementor-post__badge\">Not\u00edcias<\/div>\n\t\t\t\t<div class=\"elementor-post__avatar\">\n\t\t\t<img alt='Ailson Oliveira' src='https:\/\/secure.gravatar.com\/avatar\/e365a814486fcfe852f1aef0c30ee0a1?s=128&#038;d=mm&#038;r=g' srcset='https:\/\/secure.gravatar.com\/avatar\/e365a814486fcfe852f1aef0c30ee0a1?s=256&#038;d=mm&#038;r=g 2x' class='avatar avatar-128 photo' height='128' width='128' \/>\t\t<\/div>\n\t\t\t\t<div class=\"elementor-post__text\">\n\t\t\t\t<h3 class=\"elementor-post__title\">\n\t\t\t<a href=\"https:\/\/metododasboquinhas.com.br\/novo\/curso-boquinhas-na-pratica-completo-7-modulos-ja-disponivel-na-loja-boquinhas\/\" >\n\t\t\t\tCurso Boquinhas na Pr\u00e1tica  completo &#8211; 7 m\u00f3dulos j\u00e1 dispon\u00edvel na Loja Boquinhas\t\t\t<\/a>\n\t\t<\/h3>\n\t\t\t\t<div class=\"elementor-post__excerpt\">\n\t\t\t<p>O Curso Boquinhas na Pr\u00e1tica agora completo com os 7 m\u00f3dulos. Temas abordados no curso: M\u00f3dulo 1: As vogais, M\u00f3dulo 2: L-P-V-T; M\u00f3dulos 3: M-F-B-N-D;<\/p>\n\t\t<\/div>\n\t\t\t\t\t<a class=\"elementor-post__read-more\" href=\"https:\/\/metododasboquinhas.com.br\/novo\/curso-boquinhas-na-pratica-completo-7-modulos-ja-disponivel-na-loja-boquinhas\/\" >\n\t\t\t\tLeia mais \u00bb\t\t\t<\/a>\n\t\t\t\t<\/div>\n\t\t\t\t<div class=\"elementor-post__meta-data\">\n\t\t\t\t\t<span class=\"elementor-post-author\">\n\t\t\tAilson Oliveira\t\t<\/span>\n\t\t\t\t<span class=\"elementor-post-date\">\n\t\t\t13 de agosto de 2021\t\t<\/span>\n\t\t\t\t<span class=\"elementor-post-time\">\n\t\t\t19:56\t\t<\/span>\n\t\t\t\t<\/div>\n\t\t\t\t\t<\/div>\n\t\t<\/article>\n\t\t\t\t<article class=\"elementor-post elementor-grid-item post-8622 post type-post status-publish format-standard has-post-thumbnail hentry category-noticias\">\n\t\t\t<div class=\"elementor-post__card\">\n\t\t\t\t<a class=\"elementor-post__thumbnail__link\" href=\"https:\/\/metododasboquinhas.com.br\/novo\/metodos-de-alfabetizacao-saiba-os-porques-da-confusao\/\" ><div class=\"elementor-post__thumbnail\"><img decoding=\"async\" src=\"https:\/\/metododasboquinhas.com.br\/novo\/wp-content\/uploads\/2021\/07\/Captura-de-Tela_\u00c1rea-de-Sele\u00e7\u00e3o_20210708164515-584x375.png\" title=\"Captura de Tela_\u00c1rea de Sele\u00e7\u00e3o_20210708164515\" alt=\"Captura de Tela_\u00c1rea de Sele\u00e7\u00e3o_20210708164515\" \/><\/div><\/a>\n\t\t\t\t<div class=\"elementor-post__badge\">Not\u00edcias<\/div>\n\t\t\t\t<div class=\"elementor-post__avatar\">\n\t\t\t<img alt='Ailson Oliveira' src='https:\/\/secure.gravatar.com\/avatar\/e365a814486fcfe852f1aef0c30ee0a1?s=128&#038;d=mm&#038;r=g' srcset='https:\/\/secure.gravatar.com\/avatar\/e365a814486fcfe852f1aef0c30ee0a1?s=256&#038;d=mm&#038;r=g 2x' class='avatar avatar-128 photo' height='128' width='128' \/>\t\t<\/div>\n\t\t\t\t<div class=\"elementor-post__text\">\n\t\t\t\t<h3 class=\"elementor-post__title\">\n\t\t\t<a href=\"https:\/\/metododasboquinhas.com.br\/novo\/metodos-de-alfabetizacao-saiba-os-porques-da-confusao\/\" >\n\t\t\t\tM\u00e9todos de Alfabetiza\u00e7\u00e3o? Saiba os PORQU\u00caS da confus\u00e3o\t\t\t<\/a>\n\t\t<\/h3>\n\t\t\t\t<div class=\"elementor-post__excerpt\">\n\t\t\t<p>Voc\u1ec5 sabia quando n\u00f3s vamos escolher um M\u00e9todo de Alfabetiza\u00e7\u00e3o n\u00f3s temos que levar em considera\u00e7\u00e3o 3 aspectos? Veja o que diz a Dra Renata<\/p>\n\t\t<\/div>\n\t\t\t\t\t<a class=\"elementor-post__read-more\" href=\"https:\/\/metododasboquinhas.com.br\/novo\/metodos-de-alfabetizacao-saiba-os-porques-da-confusao\/\" >\n\t\t\t\tLeia mais \u00bb\t\t\t<\/a>\n\t\t\t\t<\/div>\n\t\t\t\t<div class=\"elementor-post__meta-data\">\n\t\t\t\t\t<span class=\"elementor-post-author\">\n\t\t\tAilson Oliveira\t\t<\/span>\n\t\t\t\t<span class=\"elementor-post-date\">\n\t\t\t8 de julho de 2021\t\t<\/span>\n\t\t\t\t<span class=\"elementor-post-time\">\n\t\t\t16:46\t\t<\/span>\n\t\t\t\t<\/div>\n\t\t\t\t\t<\/div>\n\t\t<\/article>\n\t\t\t\t<\/div>\n\n\n\t\t\n\t\t\t\t<div class=\"e-load-more-anchor\" data-page=\"1\" data-max-page=\"31\" data-next-page=\"https:\/\/metododasboquinhas.com.br\/novo\/wp-json\/wp\/v2\/pages\/1465\/page\/2\/\"><\/div>\n\t\t\t\t<nav class=\"elementor-pagination\" role=\"navigation\" aria-label=\"Pagina\u00e7\u00e3o\">\n\t\t\t<span class=\"page-numbers prev\">&laquo; Anterior<\/span>\n<span aria-current=\"page\" class=\"page-numbers current\"><span class=\"elementor-screen-only\">P\u00e1gina<\/span>1<\/span>\n<a class=\"page-numbers\" href=\"https:\/\/metododasboquinhas.com.br\/novo\/wp-json\/wp\/v2\/pages\/1465\/page\/2\/\"><span class=\"elementor-screen-only\">P\u00e1gina<\/span>2<\/a>\n<a class=\"page-numbers\" href=\"https:\/\/metododasboquinhas.com.br\/novo\/wp-json\/wp\/v2\/pages\/1465\/page\/3\/\"><span class=\"elementor-screen-only\">P\u00e1gina<\/span>3<\/a>\n<a class=\"page-numbers\" href=\"https:\/\/metododasboquinhas.com.br\/novo\/wp-json\/wp\/v2\/pages\/1465\/page\/4\/\"><span class=\"elementor-screen-only\">P\u00e1gina<\/span>4<\/a>\n<a class=\"page-numbers\" href=\"https:\/\/metododasboquinhas.com.br\/novo\/wp-json\/wp\/v2\/pages\/1465\/page\/5\/\"><span class=\"elementor-screen-only\">P\u00e1gina<\/span>5<\/a>\n<a class=\"page-numbers next\" href=\"https:\/\/metododasboquinhas.com.br\/novo\/wp-json\/wp\/v2\/pages\/1465\/page\/2\/\">Seguinte &raquo;<\/a>\t\t<\/nav>\n\t\t\t\t<\/div>\n\t\t\t\t<\/div>\n\t\t\t\t\t\t<\/div>\n\t\t\t\t\t<\/div>\n\t\t<\/div>\n\t\t\t\t<div class=\"elementor-column elementor-col-33 elementor-top-column elementor-element elementor-element-569a097\" data-id=\"569a097\" data-element_type=\"column\">\n\t\t\t<div class=\"elementor-column-wrap elementor-element-populated\">\n\t\t\t\t\t\t\t<div class=\"elementor-widget-wrap\">\n\t\t\t\t\t\t<div class=\"elementor-element elementor-element-d040cef elementor-search-form--skin-classic elementor-search-form--button-type-icon elementor-search-form--icon-search elementor-widget elementor-widget-search-form\" data-id=\"d040cef\" data-element_type=\"widget\" data-settings=\"{&quot;skin&quot;:&quot;classic&quot;}\" data-widget_type=\"search-form.default\">\n\t\t\t\t<div class=\"elementor-widget-container\">\n\t\t\t\t\t<form class=\"elementor-search-form\" role=\"search\" action=\"https:\/\/metododasboquinhas.com.br\/novo\" method=\"get\">\n\t\t\t\t\t\t\t\t\t<div class=\"elementor-search-form__container\">\n\t\t\t\t\t\t\t\t<input placeholder=\"Pesquisar...\" class=\"elementor-search-form__input\" type=\"search\" name=\"s\" title=\"Pesquisar\" value=\"\">\n\t\t\t\t\t\t\t\t\t\t\t\t\t<button class=\"elementor-search-form__submit\" type=\"submit\" title=\"Pesquisar\" aria-label=\"Pesquisar\">\n\t\t\t\t\t\t\t\t\t\t\t\t\t<i aria-hidden=\"true\" class=\"fas fa-search\"><\/i>\t\t\t\t\t\t\t<span class=\"elementor-screen-only\">Pesquisar<\/span>\n\t\t\t\t\t\t\t\t\t\t\t<\/button>\n\t\t\t\t\t\t\t\t\t\t\t<\/div>\n\t\t<\/form>\n\t\t\t\t<\/div>\n\t\t\t\t<\/div>\n\t\t\t\t\t\t<\/div>\n\t\t\t\t\t<\/div>\n\t\t<\/div>\n\t\t\t\t\t\t\t\t<\/div>\n\t\t\t\t\t<\/div>\n\t\t<\/section>\n\t\t\t\t\t\t<\/div>\n\t\t\t\t\t\t<\/div>\n\t\t\t\t\t<\/div>\n\t\t","protected":false},"excerpt":{"rendered":"<p>Not\u00edcias LEIA TAMB\u00c9M A autora Dra Renata Jardini explica mais uma novidade: webinares Boquinhas. Aberta as Inscri\u00e7\u00f5es para o Curso de Forma\u00e7\u00e3o de Multiplicadores Boquinhas 2021 Boquinhas = Passagem de pr\u00e9-sil\u00e1bico para sil\u00e1bico com valor sonoro em uma \u00daNICA sess\u00e3o. Mais um Jogo, agora o TRILHA F\u00c1CIL (download) de substantivos, verbos e adjetivos. Saiu o [&hellip;]<\/p>\n","protected":false},"author":8,"featured_media":0,"parent":0,"menu_order":0,"comment_status":"closed","ping_status":"closed","template":"","meta":{"_joinchat":[],"footnotes":""},"_links":{"self":[{"href":"https:\/\/metododasboquinhas.com.br\/novo\/wp-json\/wp\/v2\/pages\/1465"}],"collection":[{"href":"https:\/\/metododasboquinhas.com.br\/novo\/wp-json\/wp\/v2\/pages"}],"about":[{"href":"https:\/\/metododasboquinhas.com.br\/novo\/wp-json\/wp\/v2\/types\/page"}],"author":[{"embeddable":true,"href":"https:\/\/metododasboquinhas.com.br\/novo\/wp-json\/wp\/v2\/users\/8"}],"replies":[{"embeddable":true,"href":"https:\/\/metododasboquinhas.com.br\/novo\/wp-json\/wp\/v2\/comments?post=1465"}],"version-history":[{"count":66,"href":"https:\/\/metododasboquinhas.com.br\/novo\/wp-json\/wp\/v2\/pages\/1465\/revisions"}],"predecessor-version":[{"id":8867,"href":"https:\/\/metododasboquinhas.com.br\/novo\/wp-json\/wp\/v2\/pages\/1465\/revisions\/8867"}],"wp:attachment":[{"href":"https:\/\/metododasboquinhas.com.br\/novo\/wp-json\/wp\/v2\/media?parent=1465"}],"curies":[{"name":"wp","href":"https:\/\/api.w.org\/{rel}","templated":true}]}}