{"id":9436,"date":"2021-09-23T19:57:44","date_gmt":"2021-09-23T22:57:44","guid":{"rendered":"https:\/\/metododasboquinhas.com.br\/novo\/?page_id=9436"},"modified":"2021-09-23T20:25:43","modified_gmt":"2021-09-23T23:25:43","slug":"presenciais-e-on-line","status":"publish","type":"page","link":"https:\/\/metododasboquinhas.com.br\/novo\/presenciais-e-on-line\/","title":{"rendered":"Cursos Presenciais e On-line"},"content":{"rendered":"\t\t<div data-elementor-type=\"wp-post\" data-elementor-id=\"9436\" class=\"elementor elementor-9436\" data-elementor-settings=\"[]\">\n\t\t\t\t\t\t<div class=\"elementor-inner\">\n\t\t\t\t\t\t\t<div class=\"elementor-section-wrap\">\n\t\t\t\t\t\t\t<section class=\"elementor-section elementor-top-section elementor-element elementor-element-d6d54ab elementor-section-height-min-height elementor-section-items-bottom elementor-section-boxed elementor-section-height-default\" data-id=\"d6d54ab\" data-element_type=\"section\" data-settings=\"{&quot;background_background&quot;:&quot;classic&quot;,&quot;shape_divider_bottom&quot;:&quot;mountains&quot;}\">\n\t\t\t\t\t<div class=\"elementor-shape elementor-shape-bottom\" data-negative=\"false\">\n\t\t\t<svg xmlns=\"http:\/\/www.w3.org\/2000\/svg\" viewBox=\"0 0 1000 100\" preserveAspectRatio=\"none\">\n\t<path class=\"elementor-shape-fill\" opacity=\"0.33\" d=\"M473,67.3c-203.9,88.3-263.1-34-320.3,0C66,119.1,0,59.7,0,59.7V0h1000v59.7 c0,0-62.1,26.1-94.9,29.3c-32.8,3.3-62.8-12.3-75.8-22.1C806,49.6,745.3,8.7,694.9,4.7S492.4,59,473,67.3z\"\/>\n\t<path class=\"elementor-shape-fill\" opacity=\"0.66\" d=\"M734,67.3c-45.5,0-77.2-23.2-129.1-39.1c-28.6-8.7-150.3-10.1-254,39.1 s-91.7-34.4-149.2,0C115.7,118.3,0,39.8,0,39.8V0h1000v36.5c0,0-28.2-18.5-92.1-18.5C810.2,18.1,775.7,67.3,734,67.3z\"\/>\n\t<path class=\"elementor-shape-fill\" d=\"M766.1,28.9c-200-57.5-266,65.5-395.1,19.5C242,1.8,242,5.4,184.8,20.6C128,35.8,132.3,44.9,89.9,52.5C28.6,63.7,0,0,0,0 h1000c0,0-9.9,40.9-83.6,48.1S829.6,47,766.1,28.9z\"\/>\n<\/svg>\t\t<\/div>\n\t\t\t\t\t<div class=\"elementor-container elementor-column-gap-no\">\n\t\t\t\t\t\t\t<div class=\"elementor-row\">\n\t\t\t\t\t<div class=\"elementor-column elementor-col-100 elementor-top-column elementor-element elementor-element-3a3f0ea6\" data-id=\"3a3f0ea6\" data-element_type=\"column\">\n\t\t\t<div class=\"elementor-column-wrap elementor-element-populated\">\n\t\t\t\t\t\t\t<div class=\"elementor-widget-wrap\">\n\t\t\t\t\t\t<div class=\"elementor-element elementor-element-4b4c7955 elementor-widget__width-auto elementor-widget-tablet__width-inherit elementor-invisible elementor-widget elementor-widget-heading\" data-id=\"4b4c7955\" data-element_type=\"widget\" data-settings=\"{&quot;_animation&quot;:&quot;fadeInDown&quot;}\" data-widget_type=\"heading.default\">\n\t\t\t\t<div class=\"elementor-widget-container\">\n\t\t\t<h1 class=\"elementor-heading-title elementor-size-default\">Cursos Presenciais e On-line<\/h1>\t\t<\/div>\n\t\t\t\t<\/div>\n\t\t\t\t\t\t<\/div>\n\t\t\t\t\t<\/div>\n\t\t<\/div>\n\t\t\t\t\t\t\t\t<\/div>\n\t\t\t\t\t<\/div>\n\t\t<\/section>\n\t\t\t\t<section class=\"elementor-section elementor-top-section elementor-element elementor-element-29184b6 elementor-section-boxed elementor-section-height-default elementor-section-height-default\" data-id=\"29184b6\" data-element_type=\"section\">\n\t\t\t\t\t\t<div class=\"elementor-container elementor-column-gap-default\">\n\t\t\t\t\t\t\t<div class=\"elementor-row\">\n\t\t\t\t\t<div class=\"elementor-column elementor-col-100 elementor-top-column elementor-element elementor-element-7d1c573\" data-id=\"7d1c573\" data-element_type=\"column\">\n\t\t\t<div class=\"elementor-column-wrap elementor-element-populated\">\n\t\t\t\t\t\t\t<div class=\"elementor-widget-wrap\">\n\t\t\t\t\t\t<div class=\"elementor-element elementor-element-c03dc26 elementor-widget elementor-widget-text-editor\" data-id=\"c03dc26\" data-element_type=\"widget\" data-widget_type=\"text-editor.default\">\n\t\t\t\t<div class=\"elementor-widget-container\">\n\t\t\t\t\t\t\t\t<div class=\"elementor-text-editor elementor-clearfix\">\n\t\t\t\t<p>Os cursos presenciais t\u00eam sua carga hor\u00e1ria adaptada \u00e0s necessidades do contratante. Para os cursos dados por Multiplicadores, recomendam-se grupos n\u00e3o superiores a 70 pessoas. Abaixo, a rela\u00e7\u00e3o das propostas de cada curso (PDF) e no fim da p\u00e1gina, filmes tutoriais da autora explicando os detalhes e objetivos de cada curso.<br \/><br \/>Se voc\u00ea quer contratar um de nossos cursos presenciais para sua escola e\/ou munic\u00edpio, escreva para: capacitacao@metododasboquinhas.com.br<\/p>\t\t\t\t\t<\/div>\n\t\t\t\t\t\t<\/div>\n\t\t\t\t<\/div>\n\t\t\t\t<div class=\"elementor-element elementor-element-eead037 elementor-widget elementor-widget-text-editor\" data-id=\"eead037\" data-element_type=\"widget\" data-widget_type=\"text-editor.default\">\n\t\t\t\t<div class=\"elementor-widget-container\">\n\t\t\t\t\t\t\t\t<div class=\"elementor-text-editor elementor-clearfix\">\n\t\t\t\t<h6 style=\"text-align: Left;\"><strong>PRESENCIAIS<\/strong>\u00a0 e <strong>ON-LINE<\/strong>&#8211; adquiridos na Plataforma de Cursos Boquinhas. <a href=\"https:\/\/cursos.metododasboquinhas.com.br\/\">Clique aqui<\/a><\/h6>\n<h6><strong>Curso ON-LINE<\/strong> \u00e9 aquele ao vivo pela internet, realizado virtualmente, mas em dia e hor\u00e1rio marcados. A presen\u00e7a \u00e9 obrigat\u00f3ria e n\u00e3o h\u00e1 envio das grava\u00e7\u00f5es das aulas. O aluno tem a oportunidade de interagir por chat escrito ou poder participar, caso queira, por v\u00eddeo e \u00e1udio com o palestrante, tendo as suas d\u00favidas respondidas de maneira ao vivo<\/h6>\n<ul>\n \t<li><a href=\"https:\/\/metododasboquinhas.com.br\/novo\/wp-content\/uploads\/2020\/10\/Proposta-Novas-Sondagens-Boquinhas-aplica%C3%A7%C3%A3o-e-interpreta%C3%A7%C3%A3o-on-line-Mentoring.pdf\" target=\"_blank\" rel=\"noopener\">Treino Alfabetiza\u00e7\u00e3o Com Boquinhas Para Fam\u00edlias &#8211; Curso On-Line.pdf<\/a>&#8211;\u00a0 Esse curso tem o objetivo de atender \u00e0s expectativas das in\u00fameras fam\u00edlias interessadas em conhecer e treinar-se para a aplica\u00e7\u00e3o de Boquinhas com seus filhos, netos, sobrinhos, etc., elaboramos esse novo modelo de curso, condensado em apenas 8 horas on-line, ao vivo pela internet, com oficinas pr\u00e1ticas para treino dos principais livros e jogos para alfabetizar pela metodologia Boquinhas. Como continuidade, o trabalho se desenvolver\u00e1 no sistema de <em><i>mentoring<\/i><\/em>, em grupo de estudo de 1 m\u00eas por WhatsApp, com um mentor Multiplicador de Boquinhas, para aprofundamento dos conte\u00fados abordados no curso e media\u00e7\u00e3o da pr\u00e1tica. Um curso on-line \u00e9 feito ao vivo pela internet, com data e horas marcados previamente. N\u00e3o \u00e9 o mesmo que um de EAD, pois as aulas n\u00e3o s\u00e3o disponibilizadas a grava\u00e7\u00e3o.<\/li>\n \t<li><a href=\"https:\/\/metododasboquinhas.com.br\/novo\/wp-content\/uploads\/2020\/10\/Proposta-Mapa-de-ideias-on-line-Mentoring.pdf\" target=\"_blank\" rel=\"noopener\">Proposta Mapa de ideias on line &#8211; Mentoring-pdf.<\/a> Oferecer essa oficina a todos educadores \u00e9 a nossa proposta, com um curso r\u00e1pido, pr\u00e1tico e muito eficaz, para que lhes permita atuar na elabora\u00e7\u00e3o textual, a partir de si pr\u00f3prios, e dando continuidade aos seus alunos, com resultados controlados. Como continuidade, o trabalho se desenvolver\u00e1 no sistema de <em><i>mentoring<\/i><\/em>, em grupo de estudo de 1 m\u00eas por WhatsApp, com um mentor Multiplicador de Boquinhas, para aprofundamento dos conte\u00fados abordados no curso e media\u00e7\u00e3o da pr\u00e1tica.<\/li>\n \t<li><a href=\"https:\/\/metododasboquinhas.com.br\/novo\/wp-content\/uploads\/2020\/10\/Proposta-Novas-Sondagens-Boquinhas-aplica%C3%A7%C3%A3o-e-interpreta%C3%A7%C3%A3o-on-line-Mentoring.pdf\" target=\"_blank\" rel=\"noopener\">Proposta Novas Sondagens Boquinhas aplica\u00e7\u00e3o e interpreta\u00e7\u00e3o on-line &#8211; Mentoring- pdf.<\/a>Essas Sondagens comp\u00f5em o objeto de estudo do curso de capacita\u00e7\u00e3o aqui oferecido, aos educadores e cl\u00ednicos, para que eles apliquem, tabulem e interpretem os resultados, tendo um perfil do aluno, da turma, da escola e do munic\u00edpio, a fim de que a\u00e7\u00f5es pedag\u00f3gicas possam ser praticadas respaldadas em dados reais sobre o seu desempenho. \u00a0\u00a0Esse formato de curso on-line, contabilizar\u00e1 09 horas ao vivo pela internet e 21 horas complementares oferecidas no sistema de &#8220;mentoring&#8221;, em grupo de estudos no WhatsApp, para aprofundamento dos conte\u00fados abordados.<\/li>\n \t<li><a href=\"https:\/\/metododasboquinhas.com.br\/novo\/wp-content\/uploads\/2020\/10\/Proposta-Velocidade-de-Leitura-on-line-mentoring-1.pdf\" target=\"_blank\" rel=\"noopener\">Proposta Velocidade de Leitura on-line &#8211; mentoring (1)-pdf.<\/a> O objetivo de atender \u00e0s expectativas dos professores, das fam\u00edlias e dos jovens leitores, elaboramos esse curso, de 30 horas, sendo 8 horas On-Line (ao vivo pela internet) com oficinas pr\u00e1ticas e mais 22 horas para o treino das atividades de velocidade de leitura propostas nos livros e jogos de Boquinhas. Essa continuidade se desenvolver\u00e1 no sistema de <em><i>mentoring<\/i><\/em>, em grupo de estudo por Whatsapp, com 1 m\u00eas de dura\u00e7\u00e3o.<\/li>\n \t<li><a href=\"https:\/\/metododasboquinhas.com.br\/novo\/wp-content\/uploads\/2019\/08\/Proposta-mult-Inclusao-2019-16h.pdf\" target=\"_blank\" rel=\"noopener\"><u>Proposta Boquinhas na EDUCA\u00c7\u00c3O INCLUSIVA.pdf &#8211; <\/u><\/a>Ideal para proporcionar aos profissionais o conhecimento e treino da metodologia Boquinhas para crian\u00e7as inclu\u00eddas.16 h.<\/li>\n \t<li><a href=\"https:\/\/metododasboquinhas.com.br\/novo\/proposta-mult-estrategias-de-boquinhas-para-o-avanco-nas-fases-de-escrita-2019-16h\/\">Estrat\u00e9gias Boquinhas para Avan\u00e7ar nas Fases da Escrita.pdf &#8211;<\/a> A proposta desse curso \u00e9 levar o educador a compreender a consci\u00eancia fonol\u00f3gica e fonoarticulat\u00f3ria e refletir sobre sua import\u00e2ncia no processo de alfabetiza\u00e7\u00e3o como forte respons\u00e1vel pela evolu\u00e7\u00e3o na Psicog\u00eanese da escrita<\/li>\n \t<li><a href=\"https:\/\/metododasboquinhas.com.br\/novo\/proposta-cfa-e-praticas-mult-2019-8h\/\">Oficina de Consci\u00eancia Fonoarticulat\u00f3ria na Pr\u00e1tica do M\u00e9todo das Boquinhas &#8211; pdf<\/a>. 8h esse curso \u00e9 totalmente voltado \u00e0 pr\u00e1tica da Consci\u00eancia Fonoarticulat\u00f3ria (CFA),por meio do treino das Boquinhas, as articula\u00e7\u00f5es dos sons das palavras e suas respectivas letras,aplicados em exerc\u00edcios e jogos, para que o educador\/cl\u00ednico\/pai se sinta seguro para o melhor proveito da metodologia.<\/li>\n \t<li><a href=\"https:\/\/metododasboquinhas.com.br\/novo\/wp-content\/uploads\/2019\/11\/Proposta-mult-Alfabetiza\u00e7ao-2019-16h.pdf\" target=\"_blank\" rel=\"noopener\">Alfabetiza\u00e7\u00e3o com Boquinhas.pdf &#8211;<\/a> Proposta de curso completo, envolvendo pr\u00e1tica atrav\u00e9s de oficinas. <a href=\"\/wp-content\/uploads\/2019\/04\/propostas\/Alfabetiza%C3%A7%C3%A3o%20com%20Boquinhas%20-%2016h.pdf\" target=\"_blank\" rel=\"noopener\">16h<\/a><\/li>\n \t<li><a href=\"https:\/\/metododasboquinhas.com.br\/novo\/wp-content\/uploads\/2019\/08\/PropostaTREINO-Alfa-2019-8h.pdf\" target=\"_blank\" rel=\"noopener\">Treino Alfabetiza\u00e7\u00e3o com Boquinhas \u2013 8h.pdf<\/a> &#8211; Ideal para aprendizagem inicial de Boquinhas, ou para quem j\u00e1 conhece e quer tirar d\u00favidas.<\/li>\n \t<li><a href=\"https:\/\/metododasboquinhas.com.br\/novo\/wp-content\/uploads\/2019\/08\/Proposta-mult-Desenv-Inf-jogos-2019-16h.pdf\" target=\"_blank\" rel=\"noopener\">Desenvolvimento Infantil mais Jogos 16 h.pdf<\/a> &#8211; Proposta de curso completo, envolvendo pr\u00e1tica atrav\u00e9s de oficinas.<\/li>\n \t<li><a href=\"https:\/\/metododasboquinhas.com.br\/novo\/wp-content\/uploads\/2019\/08\/Proposta-TREINO-Desenv-Inf-Mult-2019-8h.pdf\" target=\"_blank\" rel=\"noopener\">Treino em Boquinhas no Desenvolvimento Infantil \u2013 8h.pdf &#8211;<\/a> Ideal para Educa\u00e7\u00e3o Infantil, conhecer os pr\u00e9-requisitos para futuramente se alfabetizar.<\/li>\n \t<li><a href=\"https:\/\/metododasboquinhas.com.br\/novo\/proposta-mult-alfa-modular-2019-100h-atualizado\/\" target=\"_blank\" rel=\"noopener\">Alfabetiza\u00e7\u00e3o Modular com Treino &#8211; 100h.pdf <\/a>&#8211; O objetivo deste curso \u00e9 proporcionar aos profissionais o conhecimento, treino e assessoria na implanta\u00e7\u00e3o, da metodologia Boquinhas e seus livros para alfabetiza\u00e7\u00e3o.<\/li>\n \t<li><a href=\"https:\/\/metododasboquinhas.com.br\/novo\/wp-content\/uploads\/2019\/08\/Proposta-mult-PLIN-2019-16h.pdf\" target=\"_blank\" rel=\"noopener\">PLIN (Protocolo Lince de Investiga\u00e7\u00e3o Neurolingu\u00edstica) e Dificuldades e Dist\u00farbios da Leitura e Escrita &#8211; 16h<\/a>.pdf &#8211; Oficinas de media\u00e7\u00e3o com o PLIN orientando sua aplica\u00e7\u00e3o, preenchimento e interpreta\u00e7\u00e3o desta ferramenta de Boquinhas para avalia\u00e7\u00e3o.<\/li>\n \t<li><a href=\"https:\/\/metododasboquinhas.com.br\/novo\/wp-content\/uploads\/2019\/08\/Proposta-mult-dist-com-oficina-2019-08h.pdf\" target=\"_blank\" rel=\"noopener\">Dificuldades e Dist\u00farbios da Leitura e da Escrita &#8211; 8h.pdf &#8211;<\/a> Para conhecimento inicial das dificuldades e dist\u00farbios da leiturae escrita, cl\u00ednicos e\/ou educadores.<\/li>\n \t<li><a href=\"https:\/\/metododasboquinhas.com.br\/novo\/wp-content\/uploads\/2019\/11\/Proposta-Alfabetizacao-tardia-Mult-2019.pdf\" target=\"_blank\" rel=\"noopener\">Alfabetiza\u00e7\u00e3o tardia. pdf &#8211;<\/a> Esse curso mostra que Boquinhas \u00e9 uma metodologia de resultados para para alfabetizar, pois sabe-se que a alfabetiza\u00e7\u00e3o deveria ocorrer na inf\u00e2ncia, no entanto, tem sido cada dia mais frequente encontrarmos crian\u00e7as mais velhas, sem ter aprendido a ler e escrever. S\u00e3o indiv\u00edduos, a partir dos 12 anos de idade, que n\u00e3o se encaixam nas salas do 1\u00ba ano, nem s\u00e3o consideradas ainda como jovens para frequentar a EJA. Aprenda com esse curso como fazer.<\/li>\n \t<li><a href=\"https:\/\/metododasboquinhas.com.br\/novo\/wp-content\/uploads\/2019\/08\/Proposta-mult-Mapa-de-ideias-2019-8h.pdf\" target=\"_blank\" rel=\"noopener\">Mapa de Ideias &#8211; Elabora\u00e7\u00e3o textual &#8211; 8 h.pdf <\/a>&#8211; O objetivo \u00e9 fornecer subs\u00eddios metodol\u00f3gicos aos participantes para o ensino\/aprendizagem da elabora\u00e7\u00e3o e interpreta\u00e7\u00e3o textuais.<\/li>\n \t<li><a href=\"https:\/\/metododasboquinhas.com.br\/novo\/wp-content\/uploads\/2019\/08\/Proposta-Dilema-da-Desatencao-Mult-2019-8h.pdf\" target=\"_blank\" rel=\"noopener\">Aten\u00e7\u00e3o como ponto Central da Aprendizagem &#8211; 8h<\/a>. pdf &#8211; Curso te\u00f3rico pr\u00e1tico sobre os fatores envolvidos com a Aten\u00e7\u00e3o ou a falta dela.<\/li>\n \t<li><a href=\"https:\/\/metododasboquinhas.com.br\/novo\/wp-content\/uploads\/2019\/11\/Proposta-mult-Capacita%C3%A7%C3%A3o-Plena-2019-40h.pdf\" target=\"_blank\" rel=\"noopener\">Capacita\u00e7\u00e3o Plena 40h &#8211; com Consultoria Multiplicador.pdf<\/a> &#8211;\u00a0esta capacita\u00e7\u00e3o incluir Alfabetiza\u00e7\u00e3o com Boquinhas + Boquinhas no Desenvolvimento Infantil + assessoria.<\/li>\n<\/ul>\t\t\t\t\t<\/div>\n\t\t\t\t\t\t<\/div>\n\t\t\t\t<\/div>\n\t\t\t\t\t\t<\/div>\n\t\t\t\t\t<\/div>\n\t\t<\/div>\n\t\t\t\t\t\t\t\t<\/div>\n\t\t\t\t\t<\/div>\n\t\t<\/section>\n\t\t\t\t\t\t<\/div>\n\t\t\t\t\t\t<\/div>\n\t\t\t\t\t<\/div>\n\t\t","protected":false},"excerpt":{"rendered":"<p>Cursos Presenciais e On-line Os cursos presenciais t\u00eam sua carga hor\u00e1ria adaptada \u00e0s necessidades do contratante. Para os cursos dados por Multiplicadores, recomendam-se grupos n\u00e3o superiores a 70 pessoas. Abaixo, a rela\u00e7\u00e3o das propostas de cada curso (PDF) e no fim da p\u00e1gina, filmes tutoriais da autora explicando os detalhes e objetivos de cada curso. [&hellip;]<\/p>\n","protected":false},"author":8,"featured_media":0,"parent":0,"menu_order":0,"comment_status":"closed","ping_status":"closed","template":"","meta":{"_joinchat":[],"footnotes":""},"_links":{"self":[{"href":"https:\/\/metododasboquinhas.com.br\/novo\/wp-json\/wp\/v2\/pages\/9436"}],"collection":[{"href":"https:\/\/metododasboquinhas.com.br\/novo\/wp-json\/wp\/v2\/pages"}],"about":[{"href":"https:\/\/metododasboquinhas.com.br\/novo\/wp-json\/wp\/v2\/types\/page"}],"author":[{"embeddable":true,"href":"https:\/\/metododasboquinhas.com.br\/novo\/wp-json\/wp\/v2\/users\/8"}],"replies":[{"embeddable":true,"href":"https:\/\/metododasboquinhas.com.br\/novo\/wp-json\/wp\/v2\/comments?post=9436"}],"version-history":[{"count":14,"href":"https:\/\/metododasboquinhas.com.br\/novo\/wp-json\/wp\/v2\/pages\/9436\/revisions"}],"predecessor-version":[{"id":9495,"href":"https:\/\/metododasboquinhas.com.br\/novo\/wp-json\/wp\/v2\/pages\/9436\/revisions\/9495"}],"wp:attachment":[{"href":"https:\/\/metododasboquinhas.com.br\/novo\/wp-json\/wp\/v2\/media?parent=9436"}],"curies":[{"name":"wp","href":"https:\/\/api.w.org\/{rel}","templated":true}]}}