{"id":9454,"date":"2021-09-23T20:10:27","date_gmt":"2021-09-23T23:10:27","guid":{"rendered":"https:\/\/metododasboquinhas.com.br\/novo\/?page_id=9454"},"modified":"2021-09-23T20:22:54","modified_gmt":"2021-09-23T23:22:54","slug":"curso-ead-livres","status":"publish","type":"page","link":"https:\/\/metododasboquinhas.com.br\/novo\/curso-ead-livres\/","title":{"rendered":"Curso EAD (Livres)"},"content":{"rendered":"\t\t<div data-elementor-type=\"wp-post\" data-elementor-id=\"9454\" class=\"elementor elementor-9454\" data-elementor-settings=\"[]\">\n\t\t\t\t\t\t<div class=\"elementor-inner\">\n\t\t\t\t\t\t\t<div class=\"elementor-section-wrap\">\n\t\t\t\t\t\t\t<section class=\"elementor-section elementor-top-section elementor-element elementor-element-d6d54ab elementor-section-height-min-height elementor-section-items-bottom elementor-section-boxed elementor-section-height-default\" data-id=\"d6d54ab\" data-element_type=\"section\" data-settings=\"{&quot;background_background&quot;:&quot;classic&quot;,&quot;shape_divider_bottom&quot;:&quot;mountains&quot;}\">\n\t\t\t\t\t<div class=\"elementor-shape elementor-shape-bottom\" data-negative=\"false\">\n\t\t\t<svg xmlns=\"http:\/\/www.w3.org\/2000\/svg\" viewBox=\"0 0 1000 100\" preserveAspectRatio=\"none\">\n\t<path class=\"elementor-shape-fill\" opacity=\"0.33\" d=\"M473,67.3c-203.9,88.3-263.1-34-320.3,0C66,119.1,0,59.7,0,59.7V0h1000v59.7 c0,0-62.1,26.1-94.9,29.3c-32.8,3.3-62.8-12.3-75.8-22.1C806,49.6,745.3,8.7,694.9,4.7S492.4,59,473,67.3z\"\/>\n\t<path class=\"elementor-shape-fill\" opacity=\"0.66\" d=\"M734,67.3c-45.5,0-77.2-23.2-129.1-39.1c-28.6-8.7-150.3-10.1-254,39.1 s-91.7-34.4-149.2,0C115.7,118.3,0,39.8,0,39.8V0h1000v36.5c0,0-28.2-18.5-92.1-18.5C810.2,18.1,775.7,67.3,734,67.3z\"\/>\n\t<path class=\"elementor-shape-fill\" d=\"M766.1,28.9c-200-57.5-266,65.5-395.1,19.5C242,1.8,242,5.4,184.8,20.6C128,35.8,132.3,44.9,89.9,52.5C28.6,63.7,0,0,0,0 h1000c0,0-9.9,40.9-83.6,48.1S829.6,47,766.1,28.9z\"\/>\n<\/svg>\t\t<\/div>\n\t\t\t\t\t<div class=\"elementor-container elementor-column-gap-no\">\n\t\t\t\t\t\t\t<div class=\"elementor-row\">\n\t\t\t\t\t<div class=\"elementor-column elementor-col-100 elementor-top-column elementor-element elementor-element-3a3f0ea6\" data-id=\"3a3f0ea6\" data-element_type=\"column\">\n\t\t\t<div class=\"elementor-column-wrap elementor-element-populated\">\n\t\t\t\t\t\t\t<div class=\"elementor-widget-wrap\">\n\t\t\t\t\t\t<div class=\"elementor-element elementor-element-4b4c7955 elementor-widget__width-auto elementor-widget-tablet__width-inherit elementor-invisible elementor-widget elementor-widget-heading\" data-id=\"4b4c7955\" data-element_type=\"widget\" data-settings=\"{&quot;_animation&quot;:&quot;fadeInDown&quot;}\" data-widget_type=\"heading.default\">\n\t\t\t\t<div class=\"elementor-widget-container\">\n\t\t\t<h1 class=\"elementor-heading-title elementor-size-default\">Curso EAD (Livres)<\/h1>\t\t<\/div>\n\t\t\t\t<\/div>\n\t\t\t\t\t\t<\/div>\n\t\t\t\t\t<\/div>\n\t\t<\/div>\n\t\t\t\t\t\t\t\t<\/div>\n\t\t\t\t\t<\/div>\n\t\t<\/section>\n\t\t\t\t<section class=\"elementor-section elementor-top-section elementor-element elementor-element-29184b6 elementor-section-boxed elementor-section-height-default elementor-section-height-default\" data-id=\"29184b6\" data-element_type=\"section\">\n\t\t\t\t\t\t<div class=\"elementor-container elementor-column-gap-default\">\n\t\t\t\t\t\t\t<div class=\"elementor-row\">\n\t\t\t\t\t<div class=\"elementor-column elementor-col-100 elementor-top-column elementor-element elementor-element-7d1c573\" data-id=\"7d1c573\" data-element_type=\"column\">\n\t\t\t<div class=\"elementor-column-wrap elementor-element-populated\">\n\t\t\t\t\t\t\t<div class=\"elementor-widget-wrap\">\n\t\t\t\t\t\t<div class=\"elementor-element elementor-element-f201f09 elementor-widget elementor-widget-text-editor\" data-id=\"f201f09\" data-element_type=\"widget\" data-widget_type=\"text-editor.default\">\n\t\t\t\t<div class=\"elementor-widget-container\">\n\t\t\t\t\t\t\t\t<div class=\"elementor-text-editor elementor-clearfix\">\n\t\t\t\t<p>Os cursos presenciais t\u00eam sua carga hor\u00e1ria adaptada \u00e0s necessidades do contratante. Para os cursos dados por Multiplicadores, recomendam-se grupos n\u00e3o superiores a 70 pessoas. Abaixo, a rela\u00e7\u00e3o das propostas de cada curso (PDF) e no fim da p\u00e1gina, filmes tutoriais da autora explicando os detalhes e objetivos de cada curso.<br \/>&lt;blockquote&gt;Se voc\u00ea quer contratar um de nossos cursos presenciais para sua escola e\/ou munic\u00edpio, escreva para: capacitacao@metododasboquinhas.com.br&lt;\/blockquote&gt;<\/p>\t\t\t\t\t<\/div>\n\t\t\t\t\t\t<\/div>\n\t\t\t\t<\/div>\n\t\t\t\t<div class=\"elementor-element elementor-element-eead037 elementor-widget elementor-widget-text-editor\" data-id=\"eead037\" data-element_type=\"widget\" data-widget_type=\"text-editor.default\">\n\t\t\t\t<div class=\"elementor-widget-container\">\n\t\t\t\t\t\t\t\t<div class=\"elementor-text-editor elementor-clearfix\">\n\t\t\t\t<h5 style=\"text-align: center;\">ENSINO \u00c0 DIST\u00c2NCIA EAD\u00a0 &#8211; CURSOS LIVRES, sem forma\u00e7\u00e3o de turmas &#8211; Plataforma Hotmart.<\/h5>\nA contrata\u00e7\u00e3o de cada curso deve ser feita acessando-se o link de cada um, que o levar\u00e1 \u00e0 compra. Cada curso ter\u00e1 um acesso espec\u00edfico. O conte\u00fado de cada curso tem videoaulas com a autora e grupos de Whatsapp.\n\nO curso fica aberto para ser acessado por 1 ano.\n<ul>\n \t<li><a href=\"https:\/\/metododasboquinhas.com.br\/novo\/proposta-ead-dx\/\" target=\"_blank\" rel=\"noopener\">Proposta EAD DX.pdf<\/a> &#8211; Conhecer a vis\u00e3o da autora sobre a conviv\u00eancia com a dislexia, nos aspectos sociais e pedag\u00f3gicos. Uma no\u00e7\u00e3o das media\u00e7\u00f5es \u00e9 proposta. <a href=\"https:\/\/metododasboquinhas.com.br\/novo\/wp-content\/uploads\/2019\/09\/PROPOSTA-EAD-DX.pdf\" target=\"_blank\" rel=\"noopener\">Compre aqui.<\/a><\/li>\n \t<li><a href=\"https:\/\/metododasboquinhas.com.br\/novo\/proposta-ead-plin-2-0\/\" target=\"_blank\" rel=\"noopener\">Proposta EAD PLIN.pdf<\/a> &#8211; Protocolo Lince de Investiga\u00e7\u00e3o Neurolingu\u00edstica &#8211; TREINO da Aplica\u00e7\u00e3o, Preenchimento, Interpreta\u00e7\u00e3o\/Relat\u00f3rios. <a href=\"https:\/\/loja.metododasboquinhas.com.br\/ead-plin-3-mdulos-treino-da-aplicao-preenchimento-e-interpretao-dos-resultados\" target=\"_blank\" rel=\"noopener\">Compre aqui.<\/a><\/li>\n \t<li><a href=\"https:\/\/metododasboquinhas.com.br\/novo\/wp-content\/uploads\/2020\/01\/proposta-M2I.pdf\" target=\"_blank\" rel=\"noopener\">Proposta EAD MI 2019 &#8211; 2.pdf<\/a> &#8211; Para aprender e ensinar a produ\u00e7\u00e3o e interpreta\u00e7\u00e3o de textos.<a href=\"https:\/\/loja.metododasboquinhas.com.br\/mini-ead-mapa-de-ideias-produo-e-interpretao-de-textos\" target=\"_blank\" rel=\"noopener\"> Compre aqui.<\/a><\/li>\n \t<li><a href=\"\/wp-content\/uploads\/2019\/04\/propostas\/PROPOSTA%20EAD%20CF%202017%20-%201.pdf\" target=\"_blank\" rel=\"noopener\">Proposta EAD CF 2017 &#8211; 1.pdf<\/a> &#8211; Reflete sobre a consci\u00eancia fonol\u00f3gica e fonoarticulat\u00f3ria e sua import\u00e2ncia no processo de alfabetiza\u00e7\u00e3o. <a href=\"https:\/\/loja.metododasboquinhas.com.br\/mini-ead-treino-conscincia-fonolgica-e-fonoarticulatria\" target=\"_blank\" rel=\"noopener\">Compre aqui<\/a>.<\/li>\n \t<li><a href=\"https:\/\/metododasboquinhas.com.br\/novo\/proposta-ead-alfabetizacao-com-boquinhas\/\" target=\"_blank\" rel=\"noopener\">Proposta EAD Treino Alfabetiza\u00e7\u00e3o Multissensorial (100h).pdf<\/a> &#8211; Neste curso a autora do M\u00e9todo das Boquinhas, por meio de v\u00eddeo-aulas, treina os exerc\u00edcios dos 6 livros da cole\u00e7\u00e3o \u201cNovo Alfabetiza\u00e7\u00e3o com Boquinhas\u201d e \u201cCaderno de Exerc\u00edcios\u201d. <a href=\"https:\/\/loja.metododasboquinhas.com.br\/ead-alfabetiza%C3%A7%C3%A3o-curso-livre-5-m%C3%B3dulos\" target=\"_blank\" rel=\"noopener\">Compre aqui.<\/a><\/li>\n \t<li><a href=\"https:\/\/metododasboquinhas.com.br\/novo\/proposta-di\/\" target=\"_blank\" rel=\"noopener\">Proposta- 2019 DI 2.0 EAD HOTMART.pdf<\/a> &#8211; O curso EAD LIVRE Boquinhas no Desenvolvimento Infantil: bases seguras para a aprendizagem da leitura e escrita \u00e9 capacitar o educador\/terapeuta para estimular e favorecer a alfabetiza\u00e7\u00e3o, em est\u00e1gios iniciais desse desenvolvimento, com crian\u00e7as de 4 a 6 anos, oferecendo-lhe, por meio de videoaulas, subs\u00eddios consistentes e diversificados, com enfoque multissensorial, fonovisuoarticulat\u00f3rio, ou seja, som\/letra\/boquinha. Ser\u00e3o trabalhados conceitos te\u00f3ricos da Educa\u00e7\u00e3o Infantil e pr\u00e1tica dos sons da fala (fonemas) e suas respectivas Boquinhas (articulemas), os processos de consci\u00eancia fonol\u00f3gica, fon\u00eamica, processamento auditivo e visual, coordena\u00e7\u00e3o v\u00edsuo-motora, orienta\u00e7\u00e3o v\u00edsuo-espacial e desenvolvimento cognitivo, bem como as bases necess\u00e1rias para a estimula\u00e7\u00e3o e interven\u00e7\u00e3o, visando o crescimento e desenvolvimento da Educa\u00e7\u00e3o Infantil. <a href=\"https:\/\/loja.metododasboquinhas.com.br\/ead-livre-boquinhas-no-desenvolvimento-infantil\" target=\"_blank\" rel=\"noopener\">Compre aqui.<\/a><\/li>\n<\/ul>\t\t\t\t\t<\/div>\n\t\t\t\t\t\t<\/div>\n\t\t\t\t<\/div>\n\t\t\t\t\t\t<\/div>\n\t\t\t\t\t<\/div>\n\t\t<\/div>\n\t\t\t\t\t\t\t\t<\/div>\n\t\t\t\t\t<\/div>\n\t\t<\/section>\n\t\t\t\t\t\t<\/div>\n\t\t\t\t\t\t<\/div>\n\t\t\t\t\t<\/div>\n\t\t","protected":false},"excerpt":{"rendered":"<p>Curso EAD (Livres) Os cursos presenciais t\u00eam sua carga hor\u00e1ria adaptada \u00e0s necessidades do contratante. Para os cursos dados por Multiplicadores, recomendam-se grupos n\u00e3o superiores a 70 pessoas. Abaixo, a rela\u00e7\u00e3o das propostas de cada curso (PDF) e no fim da p\u00e1gina, filmes tutoriais da autora explicando os detalhes e objetivos de cada curso.&lt;blockquote&gt;Se voc\u00ea [&hellip;]<\/p>\n","protected":false},"author":8,"featured_media":0,"parent":0,"menu_order":0,"comment_status":"closed","ping_status":"closed","template":"","meta":{"_joinchat":[],"footnotes":""},"_links":{"self":[{"href":"https:\/\/metododasboquinhas.com.br\/novo\/wp-json\/wp\/v2\/pages\/9454"}],"collection":[{"href":"https:\/\/metododasboquinhas.com.br\/novo\/wp-json\/wp\/v2\/pages"}],"about":[{"href":"https:\/\/metododasboquinhas.com.br\/novo\/wp-json\/wp\/v2\/types\/page"}],"author":[{"embeddable":true,"href":"https:\/\/metododasboquinhas.com.br\/novo\/wp-json\/wp\/v2\/users\/8"}],"replies":[{"embeddable":true,"href":"https:\/\/metododasboquinhas.com.br\/novo\/wp-json\/wp\/v2\/comments?post=9454"}],"version-history":[{"count":7,"href":"https:\/\/metododasboquinhas.com.br\/novo\/wp-json\/wp\/v2\/pages\/9454\/revisions"}],"predecessor-version":[{"id":9482,"href":"https:\/\/metododasboquinhas.com.br\/novo\/wp-json\/wp\/v2\/pages\/9454\/revisions\/9482"}],"wp:attachment":[{"href":"https:\/\/metododasboquinhas.com.br\/novo\/wp-json\/wp\/v2\/media?parent=9454"}],"curies":[{"name":"wp","href":"https:\/\/api.w.org\/{rel}","templated":true}]}}